{"id":1285,"date":"2021-01-12T08:31:37","date_gmt":"2021-01-12T08:31:37","guid":{"rendered":"https:\/\/www.wmc.ch\/?page_id=1285"},"modified":"2021-11-24T10:18:15","modified_gmt":"2021-11-24T10:18:15","slug":"nojob","status":"publish","type":"page","link":"https:\/\/www.wmc.ch\/it\/web\/chi-siamo\/offerte-di-lavoro\/nojob\/","title":{"rendered":"Lavoro: Assis\u00adtente di squadra"},"content":{"rendered":"<div data-elementor-type=\"wp-page\" data-elementor-id=\"1285\" class=\"elementor elementor-1285\" data-elementor-post-type=\"page\">\n\t\t\t\t\t\t<section class=\"elementor-section elementor-top-section elementor-element elementor-element-180dcafc elementor-section-boxed elementor-section-height-default elementor-section-height-default\" data-id=\"180dcafc\" data-element_type=\"section\" data-settings=\"{&quot;jet_parallax_layout_list&quot;:[{&quot;jet_parallax_layout_image&quot;:{&quot;url&quot;:&quot;&quot;,&quot;id&quot;:&quot;&quot;,&quot;size&quot;:&quot;&quot;},&quot;_id&quot;:&quot;abd4745&quot;,&quot;jet_parallax_layout_image_tablet&quot;:{&quot;url&quot;:&quot;&quot;,&quot;id&quot;:&quot;&quot;,&quot;size&quot;:&quot;&quot;},&quot;jet_parallax_layout_image_mobile&quot;:{&quot;url&quot;:&quot;&quot;,&quot;id&quot;:&quot;&quot;,&quot;size&quot;:&quot;&quot;},&quot;jet_parallax_layout_speed&quot;:{&quot;unit&quot;:&quot;%&quot;,&quot;size&quot;:50,&quot;sizes&quot;:[]},&quot;jet_parallax_layout_type&quot;:&quot;scroll&quot;,&quot;jet_parallax_layout_direction&quot;:null,&quot;jet_parallax_layout_fx_direction&quot;:null,&quot;jet_parallax_layout_z_index&quot;:&quot;&quot;,&quot;jet_parallax_layout_bg_x&quot;:50,&quot;jet_parallax_layout_bg_x_tablet&quot;:&quot;&quot;,&quot;jet_parallax_layout_bg_x_mobile&quot;:&quot;&quot;,&quot;jet_parallax_layout_bg_y&quot;:50,&quot;jet_parallax_layout_bg_y_tablet&quot;:&quot;&quot;,&quot;jet_parallax_layout_bg_y_mobile&quot;:&quot;&quot;,&quot;jet_parallax_layout_bg_size&quot;:&quot;auto&quot;,&quot;jet_parallax_layout_bg_size_tablet&quot;:&quot;&quot;,&quot;jet_parallax_layout_bg_size_mobile&quot;:&quot;&quot;,&quot;jet_parallax_layout_animation_prop&quot;:&quot;transform&quot;,&quot;jet_parallax_layout_on&quot;:[&quot;desktop&quot;,&quot;tablet&quot;]}]}\">\n\t\t\t\t\t\t<div class=\"elementor-container elementor-column-gap-default\">\n\t\t\t\t\t<div class=\"elementor-column elementor-col-50 elementor-top-column elementor-element elementor-element-3def2c8a\" data-id=\"3def2c8a\" data-element_type=\"column\">\n\t\t\t<div class=\"elementor-widget-wrap elementor-element-populated\">\n\t\t\t\t\t\t<div class=\"elementor-element elementor-element-a5d67d2 elementor-widget elementor-widget-heading\" data-id=\"a5d67d2\" data-element_type=\"widget\" data-widget_type=\"heading.default\">\n\t\t\t\t<div class=\"elementor-widget-container\">\n\t\t\t\t\t<h3 class=\"elementor-heading-title elementor-size-default\">Unisciti al&nbsp;team<\/h3>\t\t\t\t<\/div>\n\t\t\t\t<\/div>\n\t\t\t\t<div class=\"elementor-element elementor-element-9e24fb0 elementor-widget elementor-widget-text-editor\" data-id=\"9e24fb0\" data-element_type=\"widget\" data-widget_type=\"text-editor.default\">\n\t\t\t\t<div class=\"elementor-widget-container\">\n\t\t\t\t\t\t\t\t\t<p>WMC IT Solu\u00adtions AG \u00e8 un for\u00adn\u00adi\u00adtore leader di servizi ICT e real\u00adiz\u00adza soluzioni IT com\u00adplete dal 1981. WMC offre servizi lun\u00adgo l\u2019in\u00adtera cate\u00adna del val\u00adore del\u00adl\u2019IT, dal\u00adl\u2019anal\u00adisi alla prog\u00adet\u00adtazione, all\u2019in\u00adstal\u00adlazione e alla ges\u00adtione di soluzioni ICT ed \u00e8 impeg\u00adna\u00adta in mod\u00adel\u00adli di busi\u00adness open source. Un pun\u00adto focale \u00e8 Bro\u00adker\u00adStar,&nbsp;<a href=\"https:\/\/www.wmc.ch\/it\/brokerstar\/\" target=\"_blank\" rel=\"noopener\"><b>Bro\u00adker\u00adStar<\/b><\/a>, la soluzione mod\u00ader\u00adna per i bro\u00adker assicurativi.<\/p>\t\t\t\t\t\t\t\t<\/div>\n\t\t\t\t<\/div>\n\t\t\t\t<div class=\"elementor-element elementor-element-1bbcbc5 elementor-widget elementor-widget-text-editor\" data-id=\"1bbcbc5\" data-element_type=\"widget\" data-widget_type=\"text-editor.default\">\n\t\t\t\t<div class=\"elementor-widget-container\">\n\t\t\t\t\t\t\t\t\t<p>Nel\u00adla sede di Reinach\/BL cer\u00adchi\u00adamo una per\u00adsona sociev\u00adole ed estro\u00adver\u00adsa nei set\u00adtori del mar\u00adket\u00ading e del\u00adl\u2019or\u00adga\u00adniz\u00adzazione dei pro\u00adces\u00adsi da avviare imme\u00addi\u00adata\u00admente. Posizione part-time 40 \u2014&nbsp;70%<\/p>\t\t\t\t\t\t\t\t<\/div>\n\t\t\t\t<\/div>\n\t\t\t\t<div class=\"elementor-element elementor-element-c8fc7ee elementor-widget elementor-widget-heading\" data-id=\"c8fc7ee\" data-element_type=\"widget\" data-widget_type=\"heading.default\">\n\t\t\t\t<div class=\"elementor-widget-container\">\n\t\t\t\t\t<h3 class=\"elementor-heading-title elementor-size-default\">Assistente di squadra<\/h3>\t\t\t\t<\/div>\n\t\t\t\t<\/div>\n\t\t\t\t<div class=\"elementor-element elementor-element-d366fdf elementor-widget elementor-widget-heading\" data-id=\"d366fdf\" data-element_type=\"widget\" data-widget_type=\"heading.default\">\n\t\t\t\t<div class=\"elementor-widget-container\">\n\t\t\t\t\t<h5 class=\"elementor-heading-title elementor-size-default\">I vostri compiti&nbsp;<\/h5>\t\t\t\t<\/div>\n\t\t\t\t<\/div>\n\t\t\t\t<div class=\"elementor-element elementor-element-e9a16c7 elementor-widget elementor-widget-text-editor\" data-id=\"e9a16c7\" data-element_type=\"widget\" data-widget_type=\"text-editor.default\">\n\t\t\t\t<div class=\"elementor-widget-container\">\n\t\t\t\t\t\t\t\t\tIn qual\u00adit\u00e0 di tal\u00aden\u00adto orga\u00adniz\u00adza\u00adti\u00advo, non solo vi occu\u00adpate di com\u00adpi\u00adti ammin\u00adis\u00adtra\u00adtivi, ma vi occu\u00adpate anche di idee nuove e varie da imple\u00admentare. Tra queste fig\u00adu\u00adra\u00adno in par\u00adti\u00adco\u00adlare even\u00adti, cam\u00adpagne di ven\u00addi\u00adta e di mar\u00adket\u00ading, nonch\u00e9 com\u00adpi\u00adti di ges\u00adtione dei pro\u00adces\u00adsi. L\u2019at\u00adten\u00adzione si con\u00adcen\u00adtra sul\u00adl\u2019or\u00adga\u00adniz\u00adzazione azien\u00addale e sul\u00adla respon\u00ads\u00adabil\u00adit\u00e0 del mar\u00adket\u00ading, per le quali avete una par\u00adti\u00adco\u00adlare pre\u00addis\u00adpo\u00adsizione. Lavor\u00aderete nel sis\u00adtema di ges\u00adtione dei con\u00adtenu\u00adti e sarete anche la per\u00adsona di con\u00adtat\u00adto per cli\u00aden\u00adti e part\u00adner. Questi com\u00adpi\u00adti richiedono&nbsp;<\/div>\n\t\t\t\t<\/div>\n\t\t\t\t<div class=\"elementor-element elementor-element-da15521 elementor-widget elementor-widget-text-editor\" data-id=\"da15521\" data-element_type=\"widget\" data-widget_type=\"text-editor.default\">\n\t\t\t\t<div class=\"elementor-widget-container\">\n\t\t\t\t\t\t\t\t\t<ul style=\"list-style-type: square;\"><li style=\"font-weight: 400;\" aria-level=\"1\"><span style=\"font-weight: 400;\">un com\u00adpor\u00adta\u00admen\u00adto affasci\u00adnante e competente&nbsp;<\/span><\/li><li style=\"font-weight: 400;\" aria-level=\"1\"><span style=\"font-weight: 400;\">For\u00admazione com\u00admer\u00adciale o stu\u00addi azien\u00addali, D\/E&nbsp;<\/span><\/li><li style=\"font-weight: 400;\" aria-level=\"1\"><span style=\"font-weight: 400;\">Gradi\u00admen\u00adto e inter\u00adesse per le mod\u00aderne appli\u00adcazioni web&nbsp;<\/span><\/li><li style=\"font-weight: 400;\" aria-level=\"1\"><span style=\"font-weight: 400;\">Ori\u00aden\u00adta\u00admen\u00adto agli obi\u00adet\u00adtivi e capac\u00adit\u00e0 di coordinamento&nbsp;<\/span><\/li><li style=\"font-weight: 400;\" aria-level=\"1\"><span style=\"font-weight: 400;\">Un modo di lavo\u00adrare indipen\u00addente e responsabile&nbsp;<\/span><\/li><li style=\"font-weight: 400;\" aria-level=\"1\"><span style=\"font-weight: 400;\">Impeg\u00adno, flessibil\u00adit\u00e0 e spir\u00adi\u00adto di squadra&nbsp;<\/span><\/li><li style=\"font-weight: 400;\" aria-level=\"1\"><span style=\"font-weight: 400;\">Et\u00e0 ide\u00adale 28 \u2014 45 anni, non pi\u00f9 giovane<\/span><\/li><\/ul>\t\t\t\t\t\t\t\t<\/div>\n\t\t\t\t<\/div>\n\t\t\t\t<div class=\"elementor-element elementor-element-f118131 elementor-widget elementor-widget-heading\" data-id=\"f118131\" data-element_type=\"widget\" data-widget_type=\"heading.default\">\n\t\t\t\t<div class=\"elementor-widget-container\">\n\t\t\t\t\t<h5 class=\"elementor-heading-title elementor-size-default\">Il tuo profilo<\/h5>\t\t\t\t<\/div>\n\t\t\t\t<\/div>\n\t\t\t\t<div class=\"elementor-element elementor-element-f27752b elementor-widget elementor-widget-text-editor\" data-id=\"f27752b\" data-element_type=\"widget\" data-widget_type=\"text-editor.default\">\n\t\t\t\t<div class=\"elementor-widget-container\">\n\t\t\t\t\t\t\t\t\t<p>Vi piace essere al cen\u00adtro di un team e gestire l\u2019am\u00adbi\u00adente orga\u00adniz\u00adza\u00adti\u00advo e ammin\u00adis\u00adtra\u00adti\u00advo. Avete ampio spazio per l\u2019inizia\u00adti\u00adva per\u00adson\u00adale. Rius\u00adcite a trovare il gius\u00adto equi\u00adlib\u00adrio tra i vostri obi\u00adet\u00adtivi lavo\u00adra\u00adtivi e i desideri dei vostri col\u00adleghi, rius\u00adcen\u00addo a portare a ter\u00admine con suc\u00adces\u00adso anche com\u00adpi\u00adti dif\u00adfi\u00adcili. Vi piac\u00adciono le attiv\u00adit\u00e0 infor\u00admatiche e l\u2019in\u00adter\u00adazione con le per\u00adsone? Allo\u00adra siete nel pos\u00adto gius\u00adto e dovete con\u00adtattar\u00adci immediatamente.<\/p>\t\t\t\t\t\t\t\t<\/div>\n\t\t\t\t<\/div>\n\t\t\t\t<div class=\"elementor-element elementor-element-02bcd8a elementor-widget elementor-widget-text-editor\" data-id=\"02bcd8a\" data-element_type=\"widget\" data-widget_type=\"text-editor.default\">\n\t\t\t\t<div class=\"elementor-widget-container\">\n\t\t\t\t\t\t\t\t\t<p>Se ques\u00adta sfi\u00adda in un ambi\u00adente moti\u00adva\u00adto vi atti\u00adra, sare\u00admo lieti di rice\u00advere la vos\u00adtra doc\u00adu\u00admen\u00adtazione com\u00adple\u00adta per la can\u00addi\u00addatu\u00adra, preferi\u00adbil\u00admente in for\u00adma\u00adto elet\u00adtron\u00adi\u00adco, a&nbsp;<a href=\"\/it\/&amp;\/#x6d;ailto:bewerbung@wmc.ch\" target=\"_blank\" rel=\"noopener\">applicazione(at)wmc.ch<\/a>.<\/p>\t\t\t\t\t\t\t\t<\/div>\n\t\t\t\t<\/div>\n\t\t\t\t<div class=\"elementor-element elementor-element-30d796e elementor-widget elementor-widget-text-editor\" data-id=\"30d796e\" data-element_type=\"widget\" data-widget_type=\"text-editor.default\">\n\t\t\t\t<div class=\"elementor-widget-container\">\n\t\t\t\t\t\t\t\t\t<p>Per ulte\u00adri\u00adori infor\u00admazioni e per un pri\u00admo con\u00adtat\u00adto, chia\u00admare Petra Nig\u00adgli al numero 061 716 11 17 in orario d\u2019ufficio.<\/p>\t\t\t\t\t\t\t\t<\/div>\n\t\t\t\t<\/div>\n\t\t\t\t\t<\/div>\n\t\t<\/div>\n\t\t\t\t<div class=\"elementor-column elementor-col-50 elementor-top-column elementor-element elementor-element-19089fc\" data-id=\"19089fc\" data-element_type=\"column\">\n\t\t\t<div class=\"elementor-widget-wrap elementor-element-populated\">\n\t\t\t\t\t\t<div class=\"elementor-element elementor-element-a67e74f elementor-widget elementor-widget-image\" data-id=\"a67e74f\" data-element_type=\"widget\" data-widget_type=\"image.default\">\n\t\t\t\t<div class=\"elementor-widget-container\">\n\t\t\t\t\t\t\t\t\t\t\t\t\t\t\t<img fetchpriority=\"high\" decoding=\"async\" width=\"300\" height=\"200\" src=\"https:\/\/www.wmc.ch\/wp-content\/uploads\/images\/allgemein\/csm_Fotolia_5780183_XS_5c44b84a71.jpg\" class=\"attachment-full size-full wp-image-1349\" alt>\t\t\t\t\t\t\t\t\t\t\t\t\t\t\t<\/div>\n\t\t\t\t<\/div>\n\t\t\t\t<div class=\"elementor-element elementor-element-74138bf elementor-widget elementor-widget-heading\" data-id=\"74138bf\" data-element_type=\"widget\" data-widget_type=\"heading.default\">\n\t\t\t\t<div class=\"elementor-widget-container\">\n\t\t\t\t\t<h3 class=\"elementor-heading-title elementor-size-default\"><br>Successo con&nbsp;WMC<\/h3>\t\t\t\t<\/div>\n\t\t\t\t<\/div>\n\t\t\t\t<div class=\"elementor-element elementor-element-7185663 elementor-widget elementor-widget-text-editor\" data-id=\"7185663\" data-element_type=\"widget\" data-widget_type=\"text-editor.default\">\n\t\t\t\t<div class=\"elementor-widget-container\">\n\t\t\t\t\t\t\t\t\t<p><span style=\"font-family: arial, helvetica, sans-serif;\"><strong><span style=\"color: #e2001a;\"><span style=\"vertical-align: inherit;\"><span style=\"vertical-align: inherit;\">WMC<\/span><\/span><\/span><span style=\"color: #e2001a;\"><span style=\"vertical-align: inherit;\"><span style=\"vertical-align: inherit;\"> Soluzioni IT AG<\/span><\/span><\/span><\/strong><\/span><br><span style=\"vertical-align: inherit; font-family: arial, helvetica, sans-serif;\"><span style=\"vertical-align: inherit;\"> K\u00e4gen\u00adstrasse 10<\/span><\/span><br><span style=\"vertical-align: inherit; font-family: arial, helvetica, sans-serif;\"><span style=\"vertical-align: inherit;\">CH-4153 Reinach BL<\/span><\/span><\/p><p><span style=\"vertical-align: inherit; font-family: arial, helvetica, sans-serif;\"><span style=\"vertical-align: inherit;\">Petra Nig\u00adgli <\/span><\/span><br><span style=\"vertical-align: inherit; font-family: arial, helvetica, sans-serif;\"><span style=\"vertical-align: inherit;\">Risorse umane <\/span><\/span><br><span style=\"font-family: arial, helvetica, sans-serif;\">Tele\u00adfono 061 716 11&nbsp;17<\/span><\/p><p><span style=\"font-family: arial, helvetica, sans-serif;\"><a href=\"\/it\/&amp;\/#109;ailto:bewerbung@wmc.ch\" target=\"_blank\" rel=\"noopener\">applicazione(at)wmc(dot)ch<\/a><\/span><\/p>\t\t\t\t\t\t\t\t<\/div>\n\t\t\t\t<\/div>\n\t\t\t\t\t<\/div>\n\t\t<\/div>\n\t\t\t\t\t<\/div>\n\t\t<\/section>\n\t\t\t\t<\/div>","protected":false},"excerpt":{"rendered":"<p>Join the team WMC IT Solu\u00adtions AG ist ein f\u00fchren\u00adder Anbi\u00adeter f\u00fcr ICT-Dien\u00adstleis\u00adtun\u00adgen und real\u00adisiert seit 1981 IT-Gesamtl\u00f6\u00adsun\u00adgen. WMC bietet Ser\u00advices in der ganzen Wertsch\u00f6p\u00adfungs\u00adkette der IT an, von der Analyse, \u00fcber Konzep\u00adtion, zur Instal\u00adla\u00adtion und zum Betrieb von ICT-L\u00f6sun\u00adgen und engagiert sich f\u00fcr Open Source Gesch\u00e4ftsmod\u00adelle. Ein Schw\u00ader\u00adpunkt bildet&nbsp;Bro\u00adker\u00adStar, die mod\u00aderne L\u00f6sung f\u00fcr Versicherungsbroker.&nbsp;[\u2026]<\/p>","protected":false},"author":6,"featured_media":0,"parent":1809,"menu_order":0,"comment_status":"closed","ping_status":"closed","template":"","meta":{"_acf_changed":false,"wp_typography_post_enhancements_disabled":false,"footnotes":""},"categories":[13],"tags":[],"class_list":["post-1285","page","type-page","status-publish","hentry","category-jobs"],"acf":[],"yoast_head":"<!-- This site is optimized with the Yoast SEO Premium plugin v24.1 (Yoast SEO v24.1) - https:\/\/yoast.com\/wordpress\/plugins\/seo\/ -->\n<title>Job: Team-Assistentin - WMC IT Solutions AG<\/title>\n<meta name=\"robots\" content=\"index, follow, max-snippet:-1, max-image-preview:large, max-video-preview:-1\" \/>\n<link rel=\"canonical\" href=\"https:\/\/www.wmc.ch\/it\/web\/chi-siamo\/offerte-di-lavoro\/nojob\/\" \/>\n<meta property=\"og:locale\" content=\"it_IT\" \/>\n<meta property=\"og:type\" content=\"article\" \/>\n<meta property=\"og:title\" content=\"Job: Team-Assistentin\" \/>\n<meta property=\"og:description\" content=\"Join the team WMC IT Solutions AG ist ein f\u00fchrender Anbieter f\u00fcr ICT-Dienstleistungen und realisiert seit 1981 IT-Gesamtl\u00f6sungen. WMC bietet Services in der ganzen Wertsch\u00f6pfungskette der IT an, von der Analyse, \u00fcber Konzeption, zur Installation und zum Betrieb von ICT-L\u00f6sungen und engagiert sich f\u00fcr Open Source Gesch\u00e4ftsmodelle. Ein Schwerpunkt bildet\u00a0BrokerStar, die moderne L\u00f6sung f\u00fcr Versicherungsbroker. [&hellip;]\" \/>\n<meta property=\"og:url\" content=\"https:\/\/www.wmc.ch\/it\/web\/chi-siamo\/offerte-di-lavoro\/nojob\/\" \/>\n<meta property=\"og:site_name\" content=\"WMC IT Solutions AG\" \/>\n<meta property=\"article:publisher\" content=\"https:\/\/www.facebook.com\/WMC-IT-Solutions-AG-1571782219749354\/\" \/>\n<meta property=\"article:modified_time\" content=\"2021-11-24T10:18:15+00:00\" \/>\n<meta property=\"og:image\" content=\"https:\/\/www.wmc.ch\/wp-content\/uploads\/images\/allgemein\/csm_Fotolia_5780183_XS_5c44b84a71.jpg\" \/>\n<meta name=\"twitter:card\" content=\"summary_large_image\" \/>\n<meta name=\"twitter:label1\" content=\"Tempo di lettura stimato\" \/>\n\t<meta name=\"twitter:data1\" content=\"2 minuti\" \/>\n<script type=\"application\/ld+json\" class=\"yoast-schema-graph\">{\"@context\":\"https:\/\/schema.org\",\"@graph\":[{\"@type\":\"WebPage\",\"@id\":\"https:\/\/www.wmc.ch\/web\/uber-uns\/jobangebote\/nojob\/\",\"url\":\"https:\/\/www.wmc.ch\/web\/uber-uns\/jobangebote\/nojob\/\",\"name\":\"Job: Team-Assistentin - WMC IT Solutions AG\",\"isPartOf\":{\"@id\":\"https:\/\/www.wmc.ch\/#website\"},\"primaryImageOfPage\":{\"@id\":\"https:\/\/www.wmc.ch\/web\/uber-uns\/jobangebote\/nojob\/#primaryimage\"},\"image\":{\"@id\":\"https:\/\/www.wmc.ch\/web\/uber-uns\/jobangebote\/nojob\/#primaryimage\"},\"thumbnailUrl\":\"https:\/\/www.wmc.ch\/wp-content\/uploads\/images\/allgemein\/csm_Fotolia_5780183_XS_5c44b84a71.jpg\",\"datePublished\":\"2021-01-12T08:31:37+00:00\",\"dateModified\":\"2021-11-24T10:18:15+00:00\",\"breadcrumb\":{\"@id\":\"https:\/\/www.wmc.ch\/web\/uber-uns\/jobangebote\/nojob\/#breadcrumb\"},\"inLanguage\":\"it-IT\",\"potentialAction\":[{\"@type\":\"ReadAction\",\"target\":[\"https:\/\/www.wmc.ch\/web\/uber-uns\/jobangebote\/nojob\/\"]}]},{\"@type\":\"ImageObject\",\"inLanguage\":\"it-IT\",\"@id\":\"https:\/\/www.wmc.ch\/web\/uber-uns\/jobangebote\/nojob\/#primaryimage\",\"url\":\"https:\/\/www.wmc.ch\/wp-content\/uploads\/images\/allgemein\/csm_Fotolia_5780183_XS_5c44b84a71.jpg\",\"contentUrl\":\"https:\/\/www.wmc.ch\/wp-content\/uploads\/images\/allgemein\/csm_Fotolia_5780183_XS_5c44b84a71.jpg\"},{\"@type\":\"BreadcrumbList\",\"@id\":\"https:\/\/www.wmc.ch\/web\/uber-uns\/jobangebote\/nojob\/#breadcrumb\",\"itemListElement\":[{\"@type\":\"ListItem\",\"position\":1,\"name\":\"Home\",\"item\":\"https:\/\/www.wmc.ch\/\"},{\"@type\":\"ListItem\",\"position\":2,\"name\":\"1 WMC\",\"item\":\"https:\/\/www.wmc.ch\/web\/\"},{\"@type\":\"ListItem\",\"position\":3,\"name\":\"\u00dcber uns\",\"item\":\"https:\/\/www.wmc.ch\/web\/uber-uns\/\"},{\"@type\":\"ListItem\",\"position\":4,\"name\":\"Jobangebote\",\"item\":\"https:\/\/www.wmc.ch\/web\/uber-uns\/jobangebote\/\"},{\"@type\":\"ListItem\",\"position\":5,\"name\":\"Job: Team-Assistentin\"}]},{\"@type\":\"WebSite\",\"@id\":\"https:\/\/www.wmc.ch\/#website\",\"url\":\"https:\/\/www.wmc.ch\/\",\"name\":\"WMC IT Solutions AG\",\"description\":\"L\u00f6sungen f\u00fcr Ihr Business by WMC\",\"publisher\":{\"@id\":\"https:\/\/www.wmc.ch\/#organization\"},\"potentialAction\":[{\"@type\":\"SearchAction\",\"target\":{\"@type\":\"EntryPoint\",\"urlTemplate\":\"https:\/\/www.wmc.ch\/?s={search_term_string}\"},\"query-input\":{\"@type\":\"PropertyValueSpecification\",\"valueRequired\":true,\"valueName\":\"search_term_string\"}}],\"inLanguage\":\"it-IT\"},{\"@type\":\"Organization\",\"@id\":\"https:\/\/www.wmc.ch\/#organization\",\"name\":\"WMC IT Solutions AG\",\"url\":\"https:\/\/www.wmc.ch\/\",\"logo\":{\"@type\":\"ImageObject\",\"inLanguage\":\"it-IT\",\"@id\":\"https:\/\/www.wmc.ch\/#\/schema\/logo\/image\/\",\"url\":\"https:\/\/www.wmc.ch\/wp-content\/uploads\/2020\/11\/cropped-wmcfavicon-1.png\",\"contentUrl\":\"https:\/\/www.wmc.ch\/wp-content\/uploads\/2020\/11\/cropped-wmcfavicon-1.png\",\"width\":512,\"height\":512,\"caption\":\"WMC IT Solutions AG\"},\"image\":{\"@id\":\"https:\/\/www.wmc.ch\/#\/schema\/logo\/image\/\"},\"sameAs\":[\"https:\/\/www.facebook.com\/WMC-IT-Solutions-AG-1571782219749354\/\",\"https:\/\/www.linkedin.com\/company\/wmc-it-solutions-ag\",\"https:\/\/www.youtube.com\/user\/WMCITSolutionsAG\"]}]}<\/script>\n<!-- \/ Yoast SEO Premium plugin. -->","yoast_head_json":{"title":"Lavoro: Assis\u00adtente di squadra \u2014 WMC IT Solu\u00adtions&nbsp;AG","robots":{"index":"index","follow":"follow","max-snippet":"max-snippet:-1","max-image-preview":"max-image-preview:large","max-video-preview":"max-video-preview:-1"},"canonical":"https:\/\/www.wmc.ch\/it\/web\/chi-siamo\/offerte-di-lavoro\/nojob\/","og_locale":"it_IT","og_type":"article","og_title":"Job: Team-Assistentin","og_description":"Join the team WMC IT Solutions AG ist ein f\u00fchrender Anbieter f\u00fcr ICT-Dienstleistungen und realisiert seit 1981 IT-Gesamtl\u00f6sungen. WMC bietet Services in der ganzen Wertsch\u00f6pfungskette der IT an, von der Analyse, \u00fcber Konzeption, zur Installation und zum Betrieb von ICT-L\u00f6sungen und engagiert sich f\u00fcr Open Source Gesch\u00e4ftsmodelle. Ein Schwerpunkt bildet\u00a0BrokerStar, die moderne L\u00f6sung f\u00fcr Versicherungsbroker. [&hellip;]","og_url":"https:\/\/www.wmc.ch\/it\/web\/chi-siamo\/offerte-di-lavoro\/nojob\/","og_site_name":"WMC IT Solutions AG","article_publisher":"https:\/\/www.facebook.com\/WMC-IT-Solutions-AG-1571782219749354\/","article_modified_time":"2021-11-24T10:18:15+00:00","og_image":[{"url":"https:\/\/www.wmc.ch\/wp-content\/uploads\/images\/allgemein\/csm_Fotolia_5780183_XS_5c44b84a71.jpg","type":"","width":"","height":""}],"twitter_card":"summary_large_image","twitter_misc":{"Tempo di lettura stimato":"2 minuti"},"schema":{"@context":"https:\/\/schema.org","@graph":[{"@type":"WebPage","@id":"https:\/\/www.wmc.ch\/web\/uber-uns\/jobangebote\/nojob\/","url":"https:\/\/www.wmc.ch\/web\/uber-uns\/jobangebote\/nojob\/","name":"Lavoro: Assis\u00adtente di squadra \u2014 WMC IT Solu\u00adtions&nbsp;AG","isPartOf":{"@id":"https:\/\/www.wmc.ch\/#website"},"primaryImageOfPage":{"@id":"https:\/\/www.wmc.ch\/web\/uber-uns\/jobangebote\/nojob\/#primaryimage"},"image":{"@id":"https:\/\/www.wmc.ch\/web\/uber-uns\/jobangebote\/nojob\/#primaryimage"},"thumbnailUrl":"https:\/\/www.wmc.ch\/wp-content\/uploads\/images\/allgemein\/csm_Fotolia_5780183_XS_5c44b84a71.jpg","datePublished":"2021-01-12T08:31:37+00:00","dateModified":"2021-11-24T10:18:15+00:00","breadcrumb":{"@id":"https:\/\/www.wmc.ch\/web\/uber-uns\/jobangebote\/nojob\/#breadcrumb"},"inLanguage":"it-IT","potentialAction":[{"@type":"ReadAction","target":["https:\/\/www.wmc.ch\/web\/uber-uns\/jobangebote\/nojob\/"]}]},{"@type":"ImageObject","inLanguage":"it-IT","@id":"https:\/\/www.wmc.ch\/web\/uber-uns\/jobangebote\/nojob\/#primaryimage","url":"https:\/\/www.wmc.ch\/wp-content\/uploads\/images\/allgemein\/csm_Fotolia_5780183_XS_5c44b84a71.jpg","contentUrl":"https:\/\/www.wmc.ch\/wp-content\/uploads\/images\/allgemein\/csm_Fotolia_5780183_XS_5c44b84a71.jpg"},{"@type":"BreadcrumbList","@id":"https:\/\/www.wmc.ch\/web\/uber-uns\/jobangebote\/nojob\/#breadcrumb","itemListElement":[{"@type":"ListItem","position":1,"name":"Home","item":"https:\/\/www.wmc.ch\/"},{"@type":"ListItem","position":2,"name":"1 WMC","item":"https:\/\/www.wmc.ch\/web\/"},{"@type":"ListItem","position":3,"name":"\u00dcber uns","item":"https:\/\/www.wmc.ch\/web\/uber-uns\/"},{"@type":"ListItem","position":4,"name":"Jobangebote","item":"https:\/\/www.wmc.ch\/web\/uber-uns\/jobangebote\/"},{"@type":"ListItem","position":5,"name":"Job: Team-Assistentin"}]},{"@type":"WebSite","@id":"https:\/\/www.wmc.ch\/#website","url":"https:\/\/www.wmc.ch\/","name":"WMC IT Solu\u00adtions&nbsp;AG","description":"Soluzioni per il vostro busi\u00adness da&nbsp;WMC","publisher":{"@id":"https:\/\/www.wmc.ch\/#organization"},"potentialAction":[{"@type":"SearchAction","target":{"@type":"EntryPoint","urlTemplate":"https:\/\/www.wmc.ch\/?s={search_term_string}"},"query-input":{"@type":"PropertyValueSpecification","valueRequired":true,"valueName":"search_term_string"}}],"inLanguage":"it-IT"},{"@type":"Organization","@id":"https:\/\/www.wmc.ch\/#organization","name":"WMC IT Solu\u00adtions&nbsp;AG","url":"https:\/\/www.wmc.ch\/","logo":{"@type":"ImageObject","inLanguage":"it-IT","@id":"https:\/\/www.wmc.ch\/#\/schema\/logo\/image\/","url":"https:\/\/www.wmc.ch\/wp-content\/uploads\/2020\/11\/cropped-wmcfavicon-1.png","contentUrl":"https:\/\/www.wmc.ch\/wp-content\/uploads\/2020\/11\/cropped-wmcfavicon-1.png","width":512,"height":512,"caption":"WMC IT Solutions AG"},"image":{"@id":"https:\/\/www.wmc.ch\/#\/schema\/logo\/image\/"},"sameAs":["https:\/\/www.facebook.com\/WMC-IT-Solutions-AG-1571782219749354\/","https:\/\/www.linkedin.com\/company\/wmc-it-solutions-ag","https:\/\/www.youtube.com\/user\/WMCITSolutionsAG"]}]}},"_links":{"self":[{"href":"https:\/\/www.wmc.ch\/it\/wp-json\/wp\/v2\/pages\/1285"}],"collection":[{"href":"https:\/\/www.wmc.ch\/it\/wp-json\/wp\/v2\/pages"}],"about":[{"href":"https:\/\/www.wmc.ch\/it\/wp-json\/wp\/v2\/types\/page"}],"author":[{"embeddable":true,"href":"https:\/\/www.wmc.ch\/it\/wp-json\/wp\/v2\/users\/6"}],"replies":[{"embeddable":true,"href":"https:\/\/www.wmc.ch\/it\/wp-json\/wp\/v2\/comments?post=1285"}],"version-history":[{"count":94,"href":"https:\/\/www.wmc.ch\/it\/wp-json\/wp\/v2\/pages\/1285\/revisions"}],"predecessor-version":[{"id":5597,"href":"https:\/\/www.wmc.ch\/it\/wp-json\/wp\/v2\/pages\/1285\/revisions\/5597"}],"up":[{"embeddable":true,"href":"https:\/\/www.wmc.ch\/it\/wp-json\/wp\/v2\/pages\/1809"}],"wp:attachment":[{"href":"https:\/\/www.wmc.ch\/it\/wp-json\/wp\/v2\/media?parent=1285"}],"wp:term":[{"taxonomy":"category","embeddable":true,"href":"https:\/\/www.wmc.ch\/it\/wp-json\/wp\/v2\/categories?post=1285"},{"taxonomy":"post_tag","embeddable":true,"href":"https:\/\/www.wmc.ch\/it\/wp-json\/wp\/v2\/tags?post=1285"}],"curies":[{"name":"wp","href":"https:\/\/api.w.org\/{rel}","templated":true}]}}