{"id":1285,"date":"2021-01-12T08:31:37","date_gmt":"2021-01-12T08:31:37","guid":{"rendered":"https:\/\/www.wmc.ch\/?page_id=1285"},"modified":"2021-11-24T10:18:15","modified_gmt":"2021-11-24T10:18:15","slug":"nojob","status":"publish","type":"page","link":"https:\/\/www.wmc.ch\/fr\/web\/a-propos-de-nous\/offres-demploi\/nojob\/","title":{"rendered":"Emploi : Assis\u00adtante d\u2019\u00e9quipe"},"content":{"rendered":"<div data-elementor-type=\"wp-page\" data-elementor-id=\"1285\" class=\"elementor elementor-1285\" data-elementor-post-type=\"page\">\n\t\t\t\t\t\t<section class=\"elementor-section elementor-top-section elementor-element elementor-element-180dcafc elementor-section-boxed elementor-section-height-default elementor-section-height-default\" data-id=\"180dcafc\" data-element_type=\"section\" data-settings=\"{&quot;jet_parallax_layout_list&quot;:[{&quot;jet_parallax_layout_image&quot;:{&quot;url&quot;:&quot;&quot;,&quot;id&quot;:&quot;&quot;,&quot;size&quot;:&quot;&quot;},&quot;_id&quot;:&quot;abd4745&quot;,&quot;jet_parallax_layout_image_tablet&quot;:{&quot;url&quot;:&quot;&quot;,&quot;id&quot;:&quot;&quot;,&quot;size&quot;:&quot;&quot;},&quot;jet_parallax_layout_image_mobile&quot;:{&quot;url&quot;:&quot;&quot;,&quot;id&quot;:&quot;&quot;,&quot;size&quot;:&quot;&quot;},&quot;jet_parallax_layout_speed&quot;:{&quot;unit&quot;:&quot;%&quot;,&quot;size&quot;:50,&quot;sizes&quot;:[]},&quot;jet_parallax_layout_type&quot;:&quot;scroll&quot;,&quot;jet_parallax_layout_direction&quot;:null,&quot;jet_parallax_layout_fx_direction&quot;:null,&quot;jet_parallax_layout_z_index&quot;:&quot;&quot;,&quot;jet_parallax_layout_bg_x&quot;:50,&quot;jet_parallax_layout_bg_x_tablet&quot;:&quot;&quot;,&quot;jet_parallax_layout_bg_x_mobile&quot;:&quot;&quot;,&quot;jet_parallax_layout_bg_y&quot;:50,&quot;jet_parallax_layout_bg_y_tablet&quot;:&quot;&quot;,&quot;jet_parallax_layout_bg_y_mobile&quot;:&quot;&quot;,&quot;jet_parallax_layout_bg_size&quot;:&quot;auto&quot;,&quot;jet_parallax_layout_bg_size_tablet&quot;:&quot;&quot;,&quot;jet_parallax_layout_bg_size_mobile&quot;:&quot;&quot;,&quot;jet_parallax_layout_animation_prop&quot;:&quot;transform&quot;,&quot;jet_parallax_layout_on&quot;:[&quot;desktop&quot;,&quot;tablet&quot;]}]}\">\n\t\t\t\t\t\t<div class=\"elementor-container elementor-column-gap-default\">\n\t\t\t\t\t<div class=\"elementor-column elementor-col-50 elementor-top-column elementor-element elementor-element-3def2c8a\" data-id=\"3def2c8a\" data-element_type=\"column\">\n\t\t\t<div class=\"elementor-widget-wrap elementor-element-populated\">\n\t\t\t\t\t\t<div class=\"elementor-element elementor-element-a5d67d2 elementor-widget elementor-widget-heading\" data-id=\"a5d67d2\" data-element_type=\"widget\" data-widget_type=\"heading.default\">\n\t\t\t\t<div class=\"elementor-widget-container\">\n\t\t\t\t\t<h3 class=\"elementor-heading-title elementor-size-default\">Rejoignez l\u2019\u00e9quipe<\/h3>\t\t\t\t<\/div>\n\t\t\t\t<\/div>\n\t\t\t\t<div class=\"elementor-element elementor-element-9e24fb0 elementor-widget elementor-widget-text-editor\" data-id=\"9e24fb0\" data-element_type=\"widget\" data-widget_type=\"text-editor.default\">\n\t\t\t\t<div class=\"elementor-widget-container\">\n\t\t\t\t\t\t\t\t\t<p>WMC IT Solu\u00adtions AG est un four\u00adnisseur leader de ser\u00advices ICT et r\u00e9alise des solu\u00adtions IT glob\u00adales depuis 1981. WMC pro\u00adpose des ser\u00advices dans toute la cha\u00eene de cr\u00e9a\u00adtion de valeur de l\u2019IT, de l\u2019analyse \u00e0 la con\u00adcep\u00adtion, \u00e0 l\u2019in\u00adstal\u00adla\u00adtion et \u00e0 l\u2019ex\u00adploita\u00adtion de solu\u00adtions ICT et s\u2019en\u00adgage pour des mod\u00ad\u00e8les com\u00admer\u00adci\u00adaux open source. L\u2019ac\u00adcent est mis sur&nbsp;<a href=\"https:\/\/www.wmc.ch\/fr\/brokerstar\/\" target=\"_blank\" rel=\"noopener\"><b>Bro\u00adker\u00adStar<\/b><\/a>, la solu\u00adtion mod\u00aderne pour les courtiers en assurances.<\/p>\t\t\t\t\t\t\t\t<\/div>\n\t\t\t\t<\/div>\n\t\t\t\t<div class=\"elementor-element elementor-element-1bbcbc5 elementor-widget elementor-widget-text-editor\" data-id=\"1bbcbc5\" data-element_type=\"widget\" data-widget_type=\"text-editor.default\">\n\t\t\t\t<div class=\"elementor-widget-container\">\n\t\t\t\t\t\t\t\t\t<p>Nous recher\u00adchons pour notre site de Reinach\/BL une per\u00adson\u00adne socia\u00adble et motiv\u00e9e dans les domaines du mar\u00adket\u00ading et de l\u2019or\u00adgan\u00adi\u00adsa\u00adtion des proces\u00adsus. Taux d\u2019oc\u00adcu\u00adpa\u00adtion par\u00adtiel 40 \u2014&nbsp;70%<\/p>\t\t\t\t\t\t\t\t<\/div>\n\t\t\t\t<\/div>\n\t\t\t\t<div class=\"elementor-element elementor-element-c8fc7ee elementor-widget elementor-widget-heading\" data-id=\"c8fc7ee\" data-element_type=\"widget\" data-widget_type=\"heading.default\">\n\t\t\t\t<div class=\"elementor-widget-container\">\n\t\t\t\t\t<h3 class=\"elementor-heading-title elementor-size-default\">Assistante d\u2019\u00e9quipe<\/h3>\t\t\t\t<\/div>\n\t\t\t\t<\/div>\n\t\t\t\t<div class=\"elementor-element elementor-element-d366fdf elementor-widget elementor-widget-heading\" data-id=\"d366fdf\" data-element_type=\"widget\" data-widget_type=\"heading.default\">\n\t\t\t\t<div class=\"elementor-widget-container\">\n\t\t\t\t\t<h5 class=\"elementor-heading-title elementor-size-default\">Vos t\u00e2ches <\/h5>\t\t\t\t<\/div>\n\t\t\t\t<\/div>\n\t\t\t\t<div class=\"elementor-element elementor-element-e9a16c7 elementor-widget elementor-widget-text-editor\" data-id=\"e9a16c7\" data-element_type=\"widget\" data-widget_type=\"text-editor.default\">\n\t\t\t\t<div class=\"elementor-widget-container\">\n\t\t\t\t\t\t\t\t\tEn tant qu\u2019or\u00adgan\u00adisa\u00adteur tal\u00adentueux, vous ne vous con\u00adtentez pas d\u2019ef\u00adfectuer des t\u00e2ch\u00ades admin\u00adis\u00adtra\u00adtives, mais vous prenez tou\u00adjours en charge des id\u00e9es nou\u00advelles et var\u00adi\u00e9es pour les met\u00adtre en \u0153uvre. Cela com\u00adprend notam\u00adment des \u00e9v\u00e9ne\u00adments, des actions de vente et de mar\u00adket\u00ading, ain\u00adsi que des t\u00e2ch\u00ades de ges\u00adtion des proces\u00adsus. L\u2019ac\u00adcent est mis sur l\u2019or\u00adgan\u00adi\u00adsa\u00adtion com\u00admer\u00adciale et la respon\u00ads\u00adabil\u00adit\u00e9 mar\u00adket\u00ading, pour lesquelles vous avez un flair par\u00adti\u00adc\u00aduli\u00ader. Vous tra\u00advaillez dans le sys\u00adt\u00e8me de ges\u00adtion de con\u00adtenu et \u00eates \u00e9gale\u00adment l\u2019in\u00adter\u00adlocu\u00adteur des clients et des parte\u00adnaires. Ces t\u00e2ch\u00ades requi\u00e8rent&nbsp;<\/div>\n\t\t\t\t<\/div>\n\t\t\t\t<div class=\"elementor-element elementor-element-da15521 elementor-widget elementor-widget-text-editor\" data-id=\"da15521\" data-element_type=\"widget\" data-widget_type=\"text-editor.default\">\n\t\t\t\t<div class=\"elementor-widget-container\">\n\t\t\t\t\t\t\t\t\t<ul style=\"list-style-type: square;\"><li style=\"font-weight: 400;\" aria-level=\"1\"><span style=\"font-weight: 400;\">une atti\u00adtude char\u00admante et comp\u00e9tente&nbsp;<\/span><\/li><li style=\"font-weight: 400;\" aria-level=\"1\"><span style=\"font-weight: 400;\">for\u00adma\u00adtion com\u00admer\u00adciale ou \u00e9tudes en ges\u00adtion d\u2019en\u00adtre\u00adprise, D\/E&nbsp;<\/span><\/li><li style=\"font-weight: 400;\" aria-level=\"1\"><span style=\"font-weight: 400;\">Plaisir et int\u00e9r\u00eat pour les appli\u00adca\u00adtions web modernes&nbsp;<\/span><\/li><li style=\"font-weight: 400;\" aria-level=\"1\"><span style=\"font-weight: 400;\">Ori\u00aden\u00adta\u00adtion vers les objec\u00adtifs et capac\u00adit\u00e9 de coordination&nbsp;<\/span><\/li><li style=\"font-weight: 400;\" aria-level=\"1\"><span style=\"font-weight: 400;\">une m\u00e9th\u00adode de tra\u00advail autonome et responsable&nbsp;<\/span><\/li><li style=\"font-weight: 400;\" aria-level=\"1\"><span style=\"font-weight: 400;\">Volon\u00adt\u00e9 de s\u2019en\u00adgager, flex\u00adi\u00adbil\u00adit\u00e9 et esprit d\u2019\u00e9quipe&nbsp;<\/span><\/li><li style=\"font-weight: 400;\" aria-level=\"1\"><span style=\"font-weight: 400;\">\u00c2ge id\u00e9al 28 \u2014 45 ans, pas plus&nbsp;jeune<\/span><\/li><\/ul>\t\t\t\t\t\t\t\t<\/div>\n\t\t\t\t<\/div>\n\t\t\t\t<div class=\"elementor-element elementor-element-f118131 elementor-widget elementor-widget-heading\" data-id=\"f118131\" data-element_type=\"widget\" data-widget_type=\"heading.default\">\n\t\t\t\t<div class=\"elementor-widget-container\">\n\t\t\t\t\t<h5 class=\"elementor-heading-title elementor-size-default\">Votre profil<\/h5>\t\t\t\t<\/div>\n\t\t\t\t<\/div>\n\t\t\t\t<div class=\"elementor-element elementor-element-f27752b elementor-widget elementor-widget-text-editor\" data-id=\"f27752b\" data-element_type=\"widget\" data-widget_type=\"text-editor.default\">\n\t\t\t\t<div class=\"elementor-widget-container\">\n\t\t\t\t\t\t\t\t\t<p>Vous aimez \u00eatre au cen\u00adtre d\u2019une \u00e9quipe et g\u00e9r\u00ader l\u2019en\u00advi\u00adron\u00adnement organ\u00adi\u00adsa\u00adtion\u00adnel et admin\u00adis\u00adtratif. Vous avez une grande marge d\u2019ini\u00adtia\u00adtive. Vous trou\u00advez le bon \u00e9quili\u00adbre entre vos objec\u00adtifs de tra\u00advail et les souhaits de vos co\u00e9quip\u00adiers, ce qui vous per\u00admet de men\u00ader \u00e0 bien des t\u00e2ch\u00ades plus dif\u00adfi\u00adciles. Vous aimez les t\u00e2ch\u00ades infor\u00adma\u00adtiques et le con\u00adtact avec les gens ? Alors vous \u00eates au bon endroit et vous devriez nous con\u00adtac\u00adter imm\u00e9diatement.<\/p>\t\t\t\t\t\t\t\t<\/div>\n\t\t\t\t<\/div>\n\t\t\t\t<div class=\"elementor-element elementor-element-02bcd8a elementor-widget elementor-widget-text-editor\" data-id=\"02bcd8a\" data-element_type=\"widget\" data-widget_type=\"text-editor.default\">\n\t\t\t\t<div class=\"elementor-widget-container\">\n\t\t\t\t\t\t\t\t\t<p>Si ce d\u00e9fi dans un envi\u00adron\u00adnement motiv\u00e9 vous attire, nous nous r\u00e9jouis\u00adsons de recevoir votre dossier de can\u00addi\u00adda\u00adture com\u00adplet, de pr\u00e9f\u00e9rence sous forme \u00e9lec\u00adtron\u00adique, \u00e0 l\u2019adresse suiv\u00adante&nbsp;<a href=\"\/fr\/&amp;\/#x6d;ailto:bewerbung@wmc.ch\" target=\"_blank\" rel=\"noopener\">candidature(at)wmc.ch<\/a>.<\/p>\t\t\t\t\t\t\t\t<\/div>\n\t\t\t\t<\/div>\n\t\t\t\t<div class=\"elementor-element elementor-element-30d796e elementor-widget elementor-widget-text-editor\" data-id=\"30d796e\" data-element_type=\"widget\" data-widget_type=\"text-editor.default\">\n\t\t\t\t<div class=\"elementor-widget-container\">\n\t\t\t\t\t\t\t\t\t<p>Pour de plus amples infor\u00adma\u00adtions et un pre\u00admier con\u00adtact, notre Madame Petra Nig\u00adgli se tient volon\u00adtiers \u00e0 votre dis\u00adpo\u00adsi\u00adtion au num\u00e9ro de t\u00e9l\u00e9\u00adphone 061 716 11 17 pen\u00addant nos heures de bureau.<\/p>\t\t\t\t\t\t\t\t<\/div>\n\t\t\t\t<\/div>\n\t\t\t\t\t<\/div>\n\t\t<\/div>\n\t\t\t\t<div class=\"elementor-column elementor-col-50 elementor-top-column elementor-element elementor-element-19089fc\" data-id=\"19089fc\" data-element_type=\"column\">\n\t\t\t<div class=\"elementor-widget-wrap elementor-element-populated\">\n\t\t\t\t\t\t<div class=\"elementor-element elementor-element-a67e74f elementor-widget elementor-widget-image\" data-id=\"a67e74f\" data-element_type=\"widget\" data-widget_type=\"image.default\">\n\t\t\t\t<div class=\"elementor-widget-container\">\n\t\t\t\t\t\t\t\t\t\t\t\t\t\t\t<img fetchpriority=\"high\" decoding=\"async\" width=\"300\" height=\"200\" src=\"https:\/\/www.wmc.ch\/wp-content\/uploads\/images\/allgemein\/csm_Fotolia_5780183_XS_5c44b84a71.jpg\" class=\"attachment-full size-full wp-image-1349\" alt>\t\t\t\t\t\t\t\t\t\t\t\t\t\t\t<\/div>\n\t\t\t\t<\/div>\n\t\t\t\t<div class=\"elementor-element elementor-element-74138bf elementor-widget elementor-widget-heading\" data-id=\"74138bf\" data-element_type=\"widget\" data-widget_type=\"heading.default\">\n\t\t\t\t<div class=\"elementor-widget-container\">\n\t\t\t\t\t<h3 class=\"elementor-heading-title elementor-size-default\"><br>R\u00e9ussir avec le&nbsp;WMC<\/h3>\t\t\t\t<\/div>\n\t\t\t\t<\/div>\n\t\t\t\t<div class=\"elementor-element elementor-element-7185663 elementor-widget elementor-widget-text-editor\" data-id=\"7185663\" data-element_type=\"widget\" data-widget_type=\"text-editor.default\">\n\t\t\t\t<div class=\"elementor-widget-container\">\n\t\t\t\t\t\t\t\t\t<p><span style=\"font-family: arial, helvetica, sans-serif;\"><strong><span style=\"color: #e2001a;\"><span style=\"vertical-align: inherit;\"><span style=\"vertical-align: inherit;\">WMC<\/span><\/span><\/span><span style=\"color: #e2001a;\"><span style=\"vertical-align: inherit;\"><span style=\"vertical-align: inherit;\"> IT Solu\u00adtions AG<\/span><\/span><\/span><\/strong><\/span><br><span style=\"vertical-align: inherit; font-family: arial, helvetica, sans-serif;\"><span style=\"vertical-align: inherit;\"> K\u00e4gen\u00adstrasse 10<\/span><\/span><br><span style=\"vertical-align: inherit; font-family: arial, helvetica, sans-serif;\"><span style=\"vertical-align: inherit;\">CH-4153 Reinach BL<\/span><\/span><\/p><p><span style=\"vertical-align: inherit; font-family: arial, helvetica, sans-serif;\"><span style=\"vertical-align: inherit;\">Petra Nig\u00adgli <\/span><\/span><br><span style=\"vertical-align: inherit; font-family: arial, helvetica, sans-serif;\"><span style=\"vertical-align: inherit;\">Ressources humaines <\/span><\/span><br><span style=\"font-family: arial, helvetica, sans-serif;\">T\u00e9l\u00e9\u00adphone 061 716 11&nbsp;17<\/span><\/p><p><span style=\"font-family: arial, helvetica, sans-serif;\"><a href=\"\/fr\/&amp;\/#x6d;ailto:bewerbung@wmc.ch\" target=\"_blank\" rel=\"noopener\">candidature(at)wmc(dot)ch<\/a><\/span><\/p>\t\t\t\t\t\t\t\t<\/div>\n\t\t\t\t<\/div>\n\t\t\t\t\t<\/div>\n\t\t<\/div>\n\t\t\t\t\t<\/div>\n\t\t<\/section>\n\t\t\t\t<\/div>","protected":false},"excerpt":{"rendered":"<p>Join the team WMC IT Solu\u00adtions AG ist ein f\u00fchren\u00adder Anbi\u00adeter f\u00fcr ICT-Dien\u00adstleis\u00adtun\u00adgen und real\u00adisiert seit 1981 IT-Gesamtl\u00f6\u00adsun\u00adgen. WMC bietet Ser\u00advices in der ganzen Wertsch\u00f6p\u00adfungs\u00adkette der IT an, von der Analyse, \u00fcber Konzep\u00adtion, zur Instal\u00adla\u00adtion und zum Betrieb von ICT-L\u00f6sun\u00adgen und engagiert sich f\u00fcr Open Source Gesch\u00e4ftsmod\u00adelle. Ein Schw\u00ader\u00adpunkt bildet&nbsp;Bro\u00adker\u00adStar, die mod\u00aderne L\u00f6sung f\u00fcr Versicherungsbroker.&nbsp;[\u2026]<\/p>","protected":false},"author":6,"featured_media":0,"parent":1809,"menu_order":0,"comment_status":"closed","ping_status":"closed","template":"","meta":{"_acf_changed":false,"wp_typography_post_enhancements_disabled":false,"footnotes":""},"categories":[13],"tags":[],"class_list":["post-1285","page","type-page","status-publish","hentry","category-jobs"],"acf":[],"yoast_head":"<!-- This site is optimized with the Yoast SEO Premium plugin v24.1 (Yoast SEO v24.1) - https:\/\/yoast.com\/wordpress\/plugins\/seo\/ -->\n<title>Job: Team-Assistentin - WMC IT Solutions AG<\/title>\n<meta name=\"robots\" content=\"index, follow, max-snippet:-1, max-image-preview:large, max-video-preview:-1\" \/>\n<link rel=\"canonical\" href=\"https:\/\/www.wmc.ch\/fr\/web\/a-propos-de-nous\/offres-demploi\/nojob\/\" \/>\n<meta property=\"og:locale\" content=\"fr_FR\" \/>\n<meta property=\"og:type\" content=\"article\" \/>\n<meta property=\"og:title\" content=\"Job: Team-Assistentin\" \/>\n<meta property=\"og:description\" content=\"Join the team WMC IT Solutions AG ist ein f\u00fchrender Anbieter f\u00fcr ICT-Dienstleistungen und realisiert seit 1981 IT-Gesamtl\u00f6sungen. WMC bietet Services in der ganzen Wertsch\u00f6pfungskette der IT an, von der Analyse, \u00fcber Konzeption, zur Installation und zum Betrieb von ICT-L\u00f6sungen und engagiert sich f\u00fcr Open Source Gesch\u00e4ftsmodelle. Ein Schwerpunkt bildet\u00a0BrokerStar, die moderne L\u00f6sung f\u00fcr Versicherungsbroker. [&hellip;]\" \/>\n<meta property=\"og:url\" content=\"https:\/\/www.wmc.ch\/fr\/web\/a-propos-de-nous\/offres-demploi\/nojob\/\" \/>\n<meta property=\"og:site_name\" content=\"WMC IT Solutions AG\" \/>\n<meta property=\"article:publisher\" content=\"https:\/\/www.facebook.com\/WMC-IT-Solutions-AG-1571782219749354\/\" \/>\n<meta property=\"article:modified_time\" content=\"2021-11-24T10:18:15+00:00\" \/>\n<meta property=\"og:image\" content=\"https:\/\/www.wmc.ch\/wp-content\/uploads\/images\/allgemein\/csm_Fotolia_5780183_XS_5c44b84a71.jpg\" \/>\n<meta name=\"twitter:card\" content=\"summary_large_image\" \/>\n<meta name=\"twitter:label1\" content=\"Dur\u00e9e de lecture estim\u00e9e\" \/>\n\t<meta name=\"twitter:data1\" content=\"2 minutes\" \/>\n<script type=\"application\/ld+json\" class=\"yoast-schema-graph\">{\"@context\":\"https:\/\/schema.org\",\"@graph\":[{\"@type\":\"WebPage\",\"@id\":\"https:\/\/www.wmc.ch\/web\/uber-uns\/jobangebote\/nojob\/\",\"url\":\"https:\/\/www.wmc.ch\/web\/uber-uns\/jobangebote\/nojob\/\",\"name\":\"Job: Team-Assistentin - WMC IT Solutions AG\",\"isPartOf\":{\"@id\":\"https:\/\/www.wmc.ch\/#website\"},\"primaryImageOfPage\":{\"@id\":\"https:\/\/www.wmc.ch\/web\/uber-uns\/jobangebote\/nojob\/#primaryimage\"},\"image\":{\"@id\":\"https:\/\/www.wmc.ch\/web\/uber-uns\/jobangebote\/nojob\/#primaryimage\"},\"thumbnailUrl\":\"https:\/\/www.wmc.ch\/wp-content\/uploads\/images\/allgemein\/csm_Fotolia_5780183_XS_5c44b84a71.jpg\",\"datePublished\":\"2021-01-12T08:31:37+00:00\",\"dateModified\":\"2021-11-24T10:18:15+00:00\",\"breadcrumb\":{\"@id\":\"https:\/\/www.wmc.ch\/web\/uber-uns\/jobangebote\/nojob\/#breadcrumb\"},\"inLanguage\":\"fr-FR\",\"potentialAction\":[{\"@type\":\"ReadAction\",\"target\":[\"https:\/\/www.wmc.ch\/web\/uber-uns\/jobangebote\/nojob\/\"]}]},{\"@type\":\"ImageObject\",\"inLanguage\":\"fr-FR\",\"@id\":\"https:\/\/www.wmc.ch\/web\/uber-uns\/jobangebote\/nojob\/#primaryimage\",\"url\":\"https:\/\/www.wmc.ch\/wp-content\/uploads\/images\/allgemein\/csm_Fotolia_5780183_XS_5c44b84a71.jpg\",\"contentUrl\":\"https:\/\/www.wmc.ch\/wp-content\/uploads\/images\/allgemein\/csm_Fotolia_5780183_XS_5c44b84a71.jpg\"},{\"@type\":\"BreadcrumbList\",\"@id\":\"https:\/\/www.wmc.ch\/web\/uber-uns\/jobangebote\/nojob\/#breadcrumb\",\"itemListElement\":[{\"@type\":\"ListItem\",\"position\":1,\"name\":\"Home\",\"item\":\"https:\/\/www.wmc.ch\/\"},{\"@type\":\"ListItem\",\"position\":2,\"name\":\"1 WMC\",\"item\":\"https:\/\/www.wmc.ch\/web\/\"},{\"@type\":\"ListItem\",\"position\":3,\"name\":\"\u00dcber uns\",\"item\":\"https:\/\/www.wmc.ch\/web\/uber-uns\/\"},{\"@type\":\"ListItem\",\"position\":4,\"name\":\"Jobangebote\",\"item\":\"https:\/\/www.wmc.ch\/web\/uber-uns\/jobangebote\/\"},{\"@type\":\"ListItem\",\"position\":5,\"name\":\"Job: Team-Assistentin\"}]},{\"@type\":\"WebSite\",\"@id\":\"https:\/\/www.wmc.ch\/#website\",\"url\":\"https:\/\/www.wmc.ch\/\",\"name\":\"WMC IT Solutions AG\",\"description\":\"L\u00f6sungen f\u00fcr Ihr Business by WMC\",\"publisher\":{\"@id\":\"https:\/\/www.wmc.ch\/#organization\"},\"potentialAction\":[{\"@type\":\"SearchAction\",\"target\":{\"@type\":\"EntryPoint\",\"urlTemplate\":\"https:\/\/www.wmc.ch\/?s={search_term_string}\"},\"query-input\":{\"@type\":\"PropertyValueSpecification\",\"valueRequired\":true,\"valueName\":\"search_term_string\"}}],\"inLanguage\":\"fr-FR\"},{\"@type\":\"Organization\",\"@id\":\"https:\/\/www.wmc.ch\/#organization\",\"name\":\"WMC IT Solutions AG\",\"url\":\"https:\/\/www.wmc.ch\/\",\"logo\":{\"@type\":\"ImageObject\",\"inLanguage\":\"fr-FR\",\"@id\":\"https:\/\/www.wmc.ch\/#\/schema\/logo\/image\/\",\"url\":\"https:\/\/www.wmc.ch\/wp-content\/uploads\/2020\/11\/cropped-wmcfavicon-1.png\",\"contentUrl\":\"https:\/\/www.wmc.ch\/wp-content\/uploads\/2020\/11\/cropped-wmcfavicon-1.png\",\"width\":512,\"height\":512,\"caption\":\"WMC IT Solutions AG\"},\"image\":{\"@id\":\"https:\/\/www.wmc.ch\/#\/schema\/logo\/image\/\"},\"sameAs\":[\"https:\/\/www.facebook.com\/WMC-IT-Solutions-AG-1571782219749354\/\",\"https:\/\/www.linkedin.com\/company\/wmc-it-solutions-ag\",\"https:\/\/www.youtube.com\/user\/WMCITSolutionsAG\"]}]}<\/script>\n<!-- \/ Yoast SEO Premium plugin. -->","yoast_head_json":{"title":"Emploi : Assis\u00adtante d\u2019\u00e9quipe \u2014 WMC IT Solu\u00adtions&nbsp;AG","robots":{"index":"index","follow":"follow","max-snippet":"max-snippet:-1","max-image-preview":"max-image-preview:large","max-video-preview":"max-video-preview:-1"},"canonical":"https:\/\/www.wmc.ch\/fr\/web\/a-propos-de-nous\/offres-demploi\/nojob\/","og_locale":"fr_FR","og_type":"article","og_title":"Job: Team-Assistentin","og_description":"Join the team WMC IT Solutions AG ist ein f\u00fchrender Anbieter f\u00fcr ICT-Dienstleistungen und realisiert seit 1981 IT-Gesamtl\u00f6sungen. WMC bietet Services in der ganzen Wertsch\u00f6pfungskette der IT an, von der Analyse, \u00fcber Konzeption, zur Installation und zum Betrieb von ICT-L\u00f6sungen und engagiert sich f\u00fcr Open Source Gesch\u00e4ftsmodelle. Ein Schwerpunkt bildet\u00a0BrokerStar, die moderne L\u00f6sung f\u00fcr Versicherungsbroker. [&hellip;]","og_url":"https:\/\/www.wmc.ch\/fr\/web\/a-propos-de-nous\/offres-demploi\/nojob\/","og_site_name":"WMC IT Solutions AG","article_publisher":"https:\/\/www.facebook.com\/WMC-IT-Solutions-AG-1571782219749354\/","article_modified_time":"2021-11-24T10:18:15+00:00","og_image":[{"url":"https:\/\/www.wmc.ch\/wp-content\/uploads\/images\/allgemein\/csm_Fotolia_5780183_XS_5c44b84a71.jpg","type":"","width":"","height":""}],"twitter_card":"summary_large_image","twitter_misc":{"Dur\u00e9e de lecture estim\u00e9e":"2 minutes"},"schema":{"@context":"https:\/\/schema.org","@graph":[{"@type":"WebPage","@id":"https:\/\/www.wmc.ch\/web\/uber-uns\/jobangebote\/nojob\/","url":"https:\/\/www.wmc.ch\/web\/uber-uns\/jobangebote\/nojob\/","name":"Emploi : Assis\u00adtante d\u2019\u00e9quipe \u2014 WMC IT Solu\u00adtions&nbsp;AG","isPartOf":{"@id":"https:\/\/www.wmc.ch\/#website"},"primaryImageOfPage":{"@id":"https:\/\/www.wmc.ch\/web\/uber-uns\/jobangebote\/nojob\/#primaryimage"},"image":{"@id":"https:\/\/www.wmc.ch\/web\/uber-uns\/jobangebote\/nojob\/#primaryimage"},"thumbnailUrl":"https:\/\/www.wmc.ch\/wp-content\/uploads\/images\/allgemein\/csm_Fotolia_5780183_XS_5c44b84a71.jpg","datePublished":"2021-01-12T08:31:37+00:00","dateModified":"2021-11-24T10:18:15+00:00","breadcrumb":{"@id":"https:\/\/www.wmc.ch\/web\/uber-uns\/jobangebote\/nojob\/#breadcrumb"},"inLanguage":"fr-FR","potentialAction":[{"@type":"ReadAction","target":["https:\/\/www.wmc.ch\/web\/uber-uns\/jobangebote\/nojob\/"]}]},{"@type":"ImageObject","inLanguage":"fr-FR","@id":"https:\/\/www.wmc.ch\/web\/uber-uns\/jobangebote\/nojob\/#primaryimage","url":"https:\/\/www.wmc.ch\/wp-content\/uploads\/images\/allgemein\/csm_Fotolia_5780183_XS_5c44b84a71.jpg","contentUrl":"https:\/\/www.wmc.ch\/wp-content\/uploads\/images\/allgemein\/csm_Fotolia_5780183_XS_5c44b84a71.jpg"},{"@type":"BreadcrumbList","@id":"https:\/\/www.wmc.ch\/web\/uber-uns\/jobangebote\/nojob\/#breadcrumb","itemListElement":[{"@type":"ListItem","position":1,"name":"Home","item":"https:\/\/www.wmc.ch\/"},{"@type":"ListItem","position":2,"name":"1 WMC","item":"https:\/\/www.wmc.ch\/web\/"},{"@type":"ListItem","position":3,"name":"\u00dcber uns","item":"https:\/\/www.wmc.ch\/web\/uber-uns\/"},{"@type":"ListItem","position":4,"name":"Jobangebote","item":"https:\/\/www.wmc.ch\/web\/uber-uns\/jobangebote\/"},{"@type":"ListItem","position":5,"name":"Job: Team-Assistentin"}]},{"@type":"WebSite","@id":"https:\/\/www.wmc.ch\/#website","url":"https:\/\/www.wmc.ch\/","name":"WMC IT Solu\u00adtions&nbsp;AG","description":"Solu\u00adtions pour votre entre\u00adprise by&nbsp;WMC","publisher":{"@id":"https:\/\/www.wmc.ch\/#organization"},"potentialAction":[{"@type":"SearchAction","target":{"@type":"EntryPoint","urlTemplate":"https:\/\/www.wmc.ch\/?s={search_term_string}"},"query-input":{"@type":"PropertyValueSpecification","valueRequired":true,"valueName":"search_term_string"}}],"inLanguage":"fr-FR"},{"@type":"Organization","@id":"https:\/\/www.wmc.ch\/#organization","name":"WMC IT Solu\u00adtions&nbsp;AG","url":"https:\/\/www.wmc.ch\/","logo":{"@type":"ImageObject","inLanguage":"fr-FR","@id":"https:\/\/www.wmc.ch\/#\/schema\/logo\/image\/","url":"https:\/\/www.wmc.ch\/wp-content\/uploads\/2020\/11\/cropped-wmcfavicon-1.png","contentUrl":"https:\/\/www.wmc.ch\/wp-content\/uploads\/2020\/11\/cropped-wmcfavicon-1.png","width":512,"height":512,"caption":"WMC IT Solutions AG"},"image":{"@id":"https:\/\/www.wmc.ch\/#\/schema\/logo\/image\/"},"sameAs":["https:\/\/www.facebook.com\/WMC-IT-Solutions-AG-1571782219749354\/","https:\/\/www.linkedin.com\/company\/wmc-it-solutions-ag","https:\/\/www.youtube.com\/user\/WMCITSolutionsAG"]}]}},"_links":{"self":[{"href":"https:\/\/www.wmc.ch\/fr\/wp-json\/wp\/v2\/pages\/1285"}],"collection":[{"href":"https:\/\/www.wmc.ch\/fr\/wp-json\/wp\/v2\/pages"}],"about":[{"href":"https:\/\/www.wmc.ch\/fr\/wp-json\/wp\/v2\/types\/page"}],"author":[{"embeddable":true,"href":"https:\/\/www.wmc.ch\/fr\/wp-json\/wp\/v2\/users\/6"}],"replies":[{"embeddable":true,"href":"https:\/\/www.wmc.ch\/fr\/wp-json\/wp\/v2\/comments?post=1285"}],"version-history":[{"count":94,"href":"https:\/\/www.wmc.ch\/fr\/wp-json\/wp\/v2\/pages\/1285\/revisions"}],"predecessor-version":[{"id":5597,"href":"https:\/\/www.wmc.ch\/fr\/wp-json\/wp\/v2\/pages\/1285\/revisions\/5597"}],"up":[{"embeddable":true,"href":"https:\/\/www.wmc.ch\/fr\/wp-json\/wp\/v2\/pages\/1809"}],"wp:attachment":[{"href":"https:\/\/www.wmc.ch\/fr\/wp-json\/wp\/v2\/media?parent=1285"}],"wp:term":[{"taxonomy":"category","embeddable":true,"href":"https:\/\/www.wmc.ch\/fr\/wp-json\/wp\/v2\/categories?post=1285"},{"taxonomy":"post_tag","embeddable":true,"href":"https:\/\/www.wmc.ch\/fr\/wp-json\/wp\/v2\/tags?post=1285"}],"curies":[{"name":"wp","href":"https:\/\/api.w.org\/{rel}","templated":true}]}}