{"id":1285,"date":"2021-01-12T08:31:37","date_gmt":"2021-01-12T08:31:37","guid":{"rendered":"https:\/\/www.wmc.ch\/?page_id=1285"},"modified":"2021-11-24T10:18:15","modified_gmt":"2021-11-24T10:18:15","slug":"nojob","status":"publish","type":"page","link":"https:\/\/www.wmc.ch\/en\/web\/about-us\/job-offers\/nojob\/","title":{"rendered":"Job: Team assistant"},"content":{"rendered":"<div data-elementor-type=\"wp-page\" data-elementor-id=\"1285\" class=\"elementor elementor-1285\" data-elementor-post-type=\"page\">\n\t\t\t\t\t\t<section class=\"elementor-section elementor-top-section elementor-element elementor-element-180dcafc elementor-section-boxed elementor-section-height-default elementor-section-height-default\" data-id=\"180dcafc\" data-element_type=\"section\" data-settings=\"{&quot;jet_parallax_layout_list&quot;:[{&quot;jet_parallax_layout_image&quot;:{&quot;url&quot;:&quot;&quot;,&quot;id&quot;:&quot;&quot;,&quot;size&quot;:&quot;&quot;},&quot;_id&quot;:&quot;abd4745&quot;,&quot;jet_parallax_layout_image_tablet&quot;:{&quot;url&quot;:&quot;&quot;,&quot;id&quot;:&quot;&quot;,&quot;size&quot;:&quot;&quot;},&quot;jet_parallax_layout_image_mobile&quot;:{&quot;url&quot;:&quot;&quot;,&quot;id&quot;:&quot;&quot;,&quot;size&quot;:&quot;&quot;},&quot;jet_parallax_layout_speed&quot;:{&quot;unit&quot;:&quot;%&quot;,&quot;size&quot;:50,&quot;sizes&quot;:[]},&quot;jet_parallax_layout_type&quot;:&quot;scroll&quot;,&quot;jet_parallax_layout_direction&quot;:null,&quot;jet_parallax_layout_fx_direction&quot;:null,&quot;jet_parallax_layout_z_index&quot;:&quot;&quot;,&quot;jet_parallax_layout_bg_x&quot;:50,&quot;jet_parallax_layout_bg_x_tablet&quot;:&quot;&quot;,&quot;jet_parallax_layout_bg_x_mobile&quot;:&quot;&quot;,&quot;jet_parallax_layout_bg_y&quot;:50,&quot;jet_parallax_layout_bg_y_tablet&quot;:&quot;&quot;,&quot;jet_parallax_layout_bg_y_mobile&quot;:&quot;&quot;,&quot;jet_parallax_layout_bg_size&quot;:&quot;auto&quot;,&quot;jet_parallax_layout_bg_size_tablet&quot;:&quot;&quot;,&quot;jet_parallax_layout_bg_size_mobile&quot;:&quot;&quot;,&quot;jet_parallax_layout_animation_prop&quot;:&quot;transform&quot;,&quot;jet_parallax_layout_on&quot;:[&quot;desktop&quot;,&quot;tablet&quot;]}]}\">\n\t\t\t\t\t\t<div class=\"elementor-container elementor-column-gap-default\">\n\t\t\t\t\t<div class=\"elementor-column elementor-col-50 elementor-top-column elementor-element elementor-element-3def2c8a\" data-id=\"3def2c8a\" data-element_type=\"column\">\n\t\t\t<div class=\"elementor-widget-wrap elementor-element-populated\">\n\t\t\t\t\t\t<div class=\"elementor-element elementor-element-a5d67d2 elementor-widget elementor-widget-heading\" data-id=\"a5d67d2\" data-element_type=\"widget\" data-widget_type=\"heading.default\">\n\t\t\t\t<div class=\"elementor-widget-container\">\n\t\t\t\t\t<h3 class=\"elementor-heading-title elementor-size-default\">Join the&nbsp;team<\/h3>\t\t\t\t<\/div>\n\t\t\t\t<\/div>\n\t\t\t\t<div class=\"elementor-element elementor-element-9e24fb0 elementor-widget elementor-widget-text-editor\" data-id=\"9e24fb0\" data-element_type=\"widget\" data-widget_type=\"text-editor.default\">\n\t\t\t\t<div class=\"elementor-widget-container\">\n\t\t\t\t\t\t\t\t\t<p>WMC IT Solu\u00adtions AG is a lead\u00ading provider of ICT ser\u00advices and has been real\u00adis\u00ading com\u00adplete IT solu\u00adtions since 1981. WMC offers ser\u00advices along the entire IT val\u00adue chain, from analysing, design\u00ading, installing and oper\u00adat\u00ading ICT solu\u00adtions, and is com\u00admit\u00adted to open source busi\u00adness mod\u00adels. One focus is on&nbsp;<a href=\"https:\/\/www.wmc.ch\/en\/brokerstar\/\" target=\"_blank\" rel=\"noopener\"><b>Bro\u00adker\u00adStar<\/b><\/a>the mod\u00adern solu\u00adtion for insur\u00adance brokers.<\/p>\t\t\t\t\t\t\t\t<\/div>\n\t\t\t\t<\/div>\n\t\t\t\t<div class=\"elementor-element elementor-element-1bbcbc5 elementor-widget elementor-widget-text-editor\" data-id=\"1bbcbc5\" data-element_type=\"widget\" data-widget_type=\"text-editor.default\">\n\t\t\t\t<div class=\"elementor-widget-container\">\n\t\t\t\t\t\t\t\t\t<p>At the Reinach\/BL site, we are look\u00ading for a socia\u00adble and out\u00adgo\u00ading per\u00adson in the areas of mar\u00adket\u00ading and process organ\u00adi\u00adsa\u00adtion to start imme\u00addi\u00adate\u00adly. Part-time posi\u00adtion 40 \u2014&nbsp;70%<\/p>\t\t\t\t\t\t\t\t<\/div>\n\t\t\t\t<\/div>\n\t\t\t\t<div class=\"elementor-element elementor-element-c8fc7ee elementor-widget elementor-widget-heading\" data-id=\"c8fc7ee\" data-element_type=\"widget\" data-widget_type=\"heading.default\">\n\t\t\t\t<div class=\"elementor-widget-container\">\n\t\t\t\t\t<h3 class=\"elementor-heading-title elementor-size-default\">Team Assistant<\/h3>\t\t\t\t<\/div>\n\t\t\t\t<\/div>\n\t\t\t\t<div class=\"elementor-element elementor-element-d366fdf elementor-widget elementor-widget-heading\" data-id=\"d366fdf\" data-element_type=\"widget\" data-widget_type=\"heading.default\">\n\t\t\t\t<div class=\"elementor-widget-container\">\n\t\t\t\t\t<h5 class=\"elementor-heading-title elementor-size-default\">Your tasks <\/h5>\t\t\t\t<\/div>\n\t\t\t\t<\/div>\n\t\t\t\t<div class=\"elementor-element elementor-element-e9a16c7 elementor-widget elementor-widget-text-editor\" data-id=\"e9a16c7\" data-element_type=\"widget\" data-widget_type=\"text-editor.default\">\n\t\t\t\t<div class=\"elementor-widget-container\">\n\t\t\t\t\t\t\t\t\tAs an organ\u00adi\u00adsa\u00adtion\u00adal tal\u00adent, you not only take care of admin\u00adis\u00adtra\u00adtive tasks, but also con\u00adstant\u00adly take on new and var\u00adied ideas for imple\u00admen\u00adta\u00adtion. This includes in par\u00adtic\u00adu\u00adlar events, sales and mar\u00adket\u00ading cam\u00adpaigns, as well as process man\u00adage\u00adment tasks. The focus is on busi\u00adness organ\u00adi\u00adsa\u00adtion and mar\u00adket\u00ading respon\u00adsi\u00adbil\u00adi\u00adty, for which you have a par\u00adtic\u00adu\u00adlar flair. You will work in the con\u00adtent man\u00adage\u00adment sys\u00adtem and will also be the con\u00adtact per\u00adson for cus\u00adtomers and part\u00adners. These tasks require&nbsp;<\/div>\n\t\t\t\t<\/div>\n\t\t\t\t<div class=\"elementor-element elementor-element-da15521 elementor-widget elementor-widget-text-editor\" data-id=\"da15521\" data-element_type=\"widget\" data-widget_type=\"text-editor.default\">\n\t\t\t\t<div class=\"elementor-widget-container\">\n\t\t\t\t\t\t\t\t\t<ul style=\"list-style-type: square;\"><li style=\"font-weight: 400;\" aria-level=\"1\"><span style=\"font-weight: 400;\">charm\u00ading and com\u00adpe\u00adtent demeanour&nbsp;<\/span><\/li><li style=\"font-weight: 400;\" aria-level=\"1\"><span style=\"font-weight: 400;\">Com\u00admer\u00adcial train\u00ading or busi\u00adness stud\u00adies, D\/E&nbsp;<\/span><\/li><li style=\"font-weight: 400;\" aria-level=\"1\"><span style=\"font-weight: 400;\">Enjoy\u00adment of and inter\u00adest in mod\u00adern web applications&nbsp;<\/span><\/li><li style=\"font-weight: 400;\" aria-level=\"1\"><span style=\"font-weight: 400;\">Goal-ori\u00aden\u00adta\u00adtion and coor\u00addi\u00adna\u00adtion skills&nbsp;<\/span><\/li><li style=\"font-weight: 400;\" aria-level=\"1\"><span style=\"font-weight: 400;\">Inde\u00adpen\u00addent and respon\u00adsi\u00adble way of working&nbsp;<\/span><\/li><li style=\"font-weight: 400;\" aria-level=\"1\"><span style=\"font-weight: 400;\">Com\u00admit\u00adment, flex\u00adi\u00adbil\u00adi\u00adty and team spirit&nbsp;<\/span><\/li><li style=\"font-weight: 400;\" aria-level=\"1\"><span style=\"font-weight: 400;\">Ide\u00adal age 28 \u2014 45 years, not younger<\/span><\/li><\/ul>\t\t\t\t\t\t\t\t<\/div>\n\t\t\t\t<\/div>\n\t\t\t\t<div class=\"elementor-element elementor-element-f118131 elementor-widget elementor-widget-heading\" data-id=\"f118131\" data-element_type=\"widget\" data-widget_type=\"heading.default\">\n\t\t\t\t<div class=\"elementor-widget-container\">\n\t\t\t\t\t<h5 class=\"elementor-heading-title elementor-size-default\">Your profile<\/h5>\t\t\t\t<\/div>\n\t\t\t\t<\/div>\n\t\t\t\t<div class=\"elementor-element elementor-element-f27752b elementor-widget elementor-widget-text-editor\" data-id=\"f27752b\" data-element_type=\"widget\" data-widget_type=\"text-editor.default\">\n\t\t\t\t<div class=\"elementor-widget-container\">\n\t\t\t\t\t\t\t\t\t<p>You enjoy being at the heart of a team and man\u00adag\u00ading the organ\u00adi\u00adsa\u00adtion\u00adal and admin\u00adis\u00adtra\u00adtive envi\u00adron\u00adment. There is plen\u00adty of room for per\u00adson\u00adal ini\u00adtia\u00adtive. You find the right bal\u00adance between your work objec\u00adtives and the wish\u00ades of your team col\u00adleagues, enabling you to bring even dif\u00adfi\u00adcult tasks to a suc\u00adcess\u00adful con\u00adclu\u00adsion. Do you enjoy IT tasks and inter\u00adact\u00ading with peo\u00adple? Then you\u2019ve come to the right place and should con\u00adtact us immediately.<\/p>\t\t\t\t\t\t\t\t<\/div>\n\t\t\t\t<\/div>\n\t\t\t\t<div class=\"elementor-element elementor-element-02bcd8a elementor-widget elementor-widget-text-editor\" data-id=\"02bcd8a\" data-element_type=\"widget\" data-widget_type=\"text-editor.default\">\n\t\t\t\t<div class=\"elementor-widget-container\">\n\t\t\t\t\t\t\t\t\t<p>If this chal\u00adlenge in a moti\u00advat\u00aded envi\u00adron\u00adment appeals to you, we look for\u00adward to receiv\u00ading your com\u00adplete appli\u00adca\u00adtion doc\u00adu\u00adments, prefer\u00adably in elec\u00adtron\u00adic form, to&nbsp;<a href=\"\/en\/&amp;\/#x6d;ailto:bewerbung@wmc.ch\" target=\"_blank\" rel=\"noopener\">application(at)wmc.ch<\/a>.<\/p>\t\t\t\t\t\t\t\t<\/div>\n\t\t\t\t<\/div>\n\t\t\t\t<div class=\"elementor-element elementor-element-30d796e elementor-widget elementor-widget-text-editor\" data-id=\"30d796e\" data-element_type=\"widget\" data-widget_type=\"text-editor.default\">\n\t\t\t\t<div class=\"elementor-widget-container\">\n\t\t\t\t\t\t\t\t\t<p>For fur\u00adther infor\u00adma\u00adtion and ini\u00adtial con\u00adtact, please call Petra Nig\u00adgli on 061 716 11 17 dur\u00ading office hours.<\/p>\t\t\t\t\t\t\t\t<\/div>\n\t\t\t\t<\/div>\n\t\t\t\t\t<\/div>\n\t\t<\/div>\n\t\t\t\t<div class=\"elementor-column elementor-col-50 elementor-top-column elementor-element elementor-element-19089fc\" data-id=\"19089fc\" data-element_type=\"column\">\n\t\t\t<div class=\"elementor-widget-wrap elementor-element-populated\">\n\t\t\t\t\t\t<div class=\"elementor-element elementor-element-a67e74f elementor-widget elementor-widget-image\" data-id=\"a67e74f\" data-element_type=\"widget\" data-widget_type=\"image.default\">\n\t\t\t\t<div class=\"elementor-widget-container\">\n\t\t\t\t\t\t\t\t\t\t\t\t\t\t\t<img fetchpriority=\"high\" decoding=\"async\" width=\"300\" height=\"200\" src=\"https:\/\/www.wmc.ch\/wp-content\/uploads\/images\/allgemein\/csm_Fotolia_5780183_XS_5c44b84a71.jpg\" class=\"attachment-full size-full wp-image-1349\" alt>\t\t\t\t\t\t\t\t\t\t\t\t\t\t\t<\/div>\n\t\t\t\t<\/div>\n\t\t\t\t<div class=\"elementor-element elementor-element-74138bf elementor-widget elementor-widget-heading\" data-id=\"74138bf\" data-element_type=\"widget\" data-widget_type=\"heading.default\">\n\t\t\t\t<div class=\"elementor-widget-container\">\n\t\t\t\t\t<h3 class=\"elementor-heading-title elementor-size-default\"><br>Success with&nbsp;WMC<\/h3>\t\t\t\t<\/div>\n\t\t\t\t<\/div>\n\t\t\t\t<div class=\"elementor-element elementor-element-7185663 elementor-widget elementor-widget-text-editor\" data-id=\"7185663\" data-element_type=\"widget\" data-widget_type=\"text-editor.default\">\n\t\t\t\t<div class=\"elementor-widget-container\">\n\t\t\t\t\t\t\t\t\t<p><span style=\"font-family: arial, helvetica, sans-serif;\"><strong><span style=\"color: #e2001a;\"><span style=\"vertical-align: inherit;\"><span style=\"vertical-align: inherit;\">WMC<\/span><\/span><\/span><span style=\"color: #e2001a;\"><span style=\"vertical-align: inherit;\"><span style=\"vertical-align: inherit;\"> IT Solu\u00adtions AG<\/span><\/span><\/span><\/strong><\/span><br><span style=\"vertical-align: inherit; font-family: arial, helvetica, sans-serif;\"><span style=\"vertical-align: inherit;\"> K\u00e4gen\u00adstrasse 10<\/span><\/span><br><span style=\"vertical-align: inherit; font-family: arial, helvetica, sans-serif;\"><span style=\"vertical-align: inherit;\">CH-4153 Reinach BL<\/span><\/span><\/p><p><span style=\"vertical-align: inherit; font-family: arial, helvetica, sans-serif;\"><span style=\"vertical-align: inherit;\">Petra Nig\u00adgli <\/span><\/span><br><span style=\"vertical-align: inherit; font-family: arial, helvetica, sans-serif;\"><span style=\"vertical-align: inherit;\">Human Resources <\/span><\/span><br><span style=\"font-family: arial, helvetica, sans-serif;\">Phone 061 716 11&nbsp;17<\/span><\/p><p><span style=\"font-family: arial, helvetica, sans-serif;\"><a href=\"\/en\/&amp;\/#x6d;ailto:bewerbung@wmc.ch\" target=\"_blank\" rel=\"noopener\">application(at)wmc(dot)ch<\/a><\/span><\/p>\t\t\t\t\t\t\t\t<\/div>\n\t\t\t\t<\/div>\n\t\t\t\t\t<\/div>\n\t\t<\/div>\n\t\t\t\t\t<\/div>\n\t\t<\/section>\n\t\t\t\t<\/div>","protected":false},"excerpt":{"rendered":"<p>Join the team WMC IT Solu\u00adtions AG ist ein f\u00fchren\u00adder Anbi\u00adeter f\u00fcr ICT-Dien\u00adstleis\u00adtun\u00adgen und real\u00adisiert seit 1981 IT-Gesamtl\u00f6\u00adsun\u00adgen. WMC bietet Ser\u00advices in der ganzen Wertsch\u00f6p\u00adfungs\u00adkette der IT an, von der Analyse, \u00fcber Konzep\u00adtion, zur Instal\u00adla\u00adtion und zum Betrieb von ICT-L\u00f6sun\u00adgen und engagiert sich f\u00fcr Open Source Gesch\u00e4ftsmod\u00adelle. Ein Schw\u00ader\u00adpunkt bildet&nbsp;Bro\u00adker\u00adStar, die mod\u00aderne L\u00f6sung f\u00fcr Versicherungsbroker.&nbsp;[\u2026]<\/p>","protected":false},"author":6,"featured_media":0,"parent":1809,"menu_order":0,"comment_status":"closed","ping_status":"closed","template":"","meta":{"_acf_changed":false,"wp_typography_post_enhancements_disabled":false,"footnotes":""},"categories":[13],"tags":[],"class_list":["post-1285","page","type-page","status-publish","hentry","category-jobs"],"acf":[],"yoast_head":"<!-- This site is optimized with the Yoast SEO Premium plugin v24.1 (Yoast SEO v24.1) - https:\/\/yoast.com\/wordpress\/plugins\/seo\/ -->\n<title>Job: Team-Assistentin - WMC IT Solutions AG<\/title>\n<meta name=\"robots\" content=\"index, follow, max-snippet:-1, max-image-preview:large, max-video-preview:-1\" \/>\n<link rel=\"canonical\" href=\"https:\/\/www.wmc.ch\/en\/web\/about-us\/job-offers\/nojob\/\" \/>\n<meta property=\"og:locale\" content=\"en_GB\" \/>\n<meta property=\"og:type\" content=\"article\" \/>\n<meta property=\"og:title\" content=\"Job: Team-Assistentin\" \/>\n<meta property=\"og:description\" content=\"Join the team WMC IT Solutions AG ist ein f\u00fchrender Anbieter f\u00fcr ICT-Dienstleistungen und realisiert seit 1981 IT-Gesamtl\u00f6sungen. WMC bietet Services in der ganzen Wertsch\u00f6pfungskette der IT an, von der Analyse, \u00fcber Konzeption, zur Installation und zum Betrieb von ICT-L\u00f6sungen und engagiert sich f\u00fcr Open Source Gesch\u00e4ftsmodelle. Ein Schwerpunkt bildet\u00a0BrokerStar, die moderne L\u00f6sung f\u00fcr Versicherungsbroker. [&hellip;]\" \/>\n<meta property=\"og:url\" content=\"https:\/\/www.wmc.ch\/en\/web\/about-us\/job-offers\/nojob\/\" \/>\n<meta property=\"og:site_name\" content=\"WMC IT Solutions AG\" \/>\n<meta property=\"article:publisher\" content=\"https:\/\/www.facebook.com\/WMC-IT-Solutions-AG-1571782219749354\/\" \/>\n<meta property=\"article:modified_time\" content=\"2021-11-24T10:18:15+00:00\" \/>\n<meta property=\"og:image\" content=\"https:\/\/www.wmc.ch\/wp-content\/uploads\/images\/allgemein\/csm_Fotolia_5780183_XS_5c44b84a71.jpg\" \/>\n<meta name=\"twitter:card\" content=\"summary_large_image\" \/>\n<meta name=\"twitter:label1\" content=\"Estimated reading time\" \/>\n\t<meta name=\"twitter:data1\" content=\"2 minutes\" \/>\n<script type=\"application\/ld+json\" class=\"yoast-schema-graph\">{\"@context\":\"https:\/\/schema.org\",\"@graph\":[{\"@type\":\"WebPage\",\"@id\":\"https:\/\/www.wmc.ch\/web\/uber-uns\/jobangebote\/nojob\/\",\"url\":\"https:\/\/www.wmc.ch\/web\/uber-uns\/jobangebote\/nojob\/\",\"name\":\"Job: Team-Assistentin - WMC IT Solutions AG\",\"isPartOf\":{\"@id\":\"https:\/\/www.wmc.ch\/#website\"},\"primaryImageOfPage\":{\"@id\":\"https:\/\/www.wmc.ch\/web\/uber-uns\/jobangebote\/nojob\/#primaryimage\"},\"image\":{\"@id\":\"https:\/\/www.wmc.ch\/web\/uber-uns\/jobangebote\/nojob\/#primaryimage\"},\"thumbnailUrl\":\"https:\/\/www.wmc.ch\/wp-content\/uploads\/images\/allgemein\/csm_Fotolia_5780183_XS_5c44b84a71.jpg\",\"datePublished\":\"2021-01-12T08:31:37+00:00\",\"dateModified\":\"2021-11-24T10:18:15+00:00\",\"breadcrumb\":{\"@id\":\"https:\/\/www.wmc.ch\/web\/uber-uns\/jobangebote\/nojob\/#breadcrumb\"},\"inLanguage\":\"en-GB\",\"potentialAction\":[{\"@type\":\"ReadAction\",\"target\":[\"https:\/\/www.wmc.ch\/web\/uber-uns\/jobangebote\/nojob\/\"]}]},{\"@type\":\"ImageObject\",\"inLanguage\":\"en-GB\",\"@id\":\"https:\/\/www.wmc.ch\/web\/uber-uns\/jobangebote\/nojob\/#primaryimage\",\"url\":\"https:\/\/www.wmc.ch\/wp-content\/uploads\/images\/allgemein\/csm_Fotolia_5780183_XS_5c44b84a71.jpg\",\"contentUrl\":\"https:\/\/www.wmc.ch\/wp-content\/uploads\/images\/allgemein\/csm_Fotolia_5780183_XS_5c44b84a71.jpg\"},{\"@type\":\"BreadcrumbList\",\"@id\":\"https:\/\/www.wmc.ch\/web\/uber-uns\/jobangebote\/nojob\/#breadcrumb\",\"itemListElement\":[{\"@type\":\"ListItem\",\"position\":1,\"name\":\"Home\",\"item\":\"https:\/\/www.wmc.ch\/\"},{\"@type\":\"ListItem\",\"position\":2,\"name\":\"1 WMC\",\"item\":\"https:\/\/www.wmc.ch\/web\/\"},{\"@type\":\"ListItem\",\"position\":3,\"name\":\"\u00dcber uns\",\"item\":\"https:\/\/www.wmc.ch\/web\/uber-uns\/\"},{\"@type\":\"ListItem\",\"position\":4,\"name\":\"Jobangebote\",\"item\":\"https:\/\/www.wmc.ch\/web\/uber-uns\/jobangebote\/\"},{\"@type\":\"ListItem\",\"position\":5,\"name\":\"Job: Team-Assistentin\"}]},{\"@type\":\"WebSite\",\"@id\":\"https:\/\/www.wmc.ch\/#website\",\"url\":\"https:\/\/www.wmc.ch\/\",\"name\":\"WMC IT Solutions AG\",\"description\":\"L\u00f6sungen f\u00fcr Ihr Business by WMC\",\"publisher\":{\"@id\":\"https:\/\/www.wmc.ch\/#organization\"},\"potentialAction\":[{\"@type\":\"SearchAction\",\"target\":{\"@type\":\"EntryPoint\",\"urlTemplate\":\"https:\/\/www.wmc.ch\/?s={search_term_string}\"},\"query-input\":{\"@type\":\"PropertyValueSpecification\",\"valueRequired\":true,\"valueName\":\"search_term_string\"}}],\"inLanguage\":\"en-GB\"},{\"@type\":\"Organization\",\"@id\":\"https:\/\/www.wmc.ch\/#organization\",\"name\":\"WMC IT Solutions AG\",\"url\":\"https:\/\/www.wmc.ch\/\",\"logo\":{\"@type\":\"ImageObject\",\"inLanguage\":\"en-GB\",\"@id\":\"https:\/\/www.wmc.ch\/#\/schema\/logo\/image\/\",\"url\":\"https:\/\/www.wmc.ch\/wp-content\/uploads\/2020\/11\/cropped-wmcfavicon-1.png\",\"contentUrl\":\"https:\/\/www.wmc.ch\/wp-content\/uploads\/2020\/11\/cropped-wmcfavicon-1.png\",\"width\":512,\"height\":512,\"caption\":\"WMC IT Solutions AG\"},\"image\":{\"@id\":\"https:\/\/www.wmc.ch\/#\/schema\/logo\/image\/\"},\"sameAs\":[\"https:\/\/www.facebook.com\/WMC-IT-Solutions-AG-1571782219749354\/\",\"https:\/\/www.linkedin.com\/company\/wmc-it-solutions-ag\",\"https:\/\/www.youtube.com\/user\/WMCITSolutionsAG\"]}]}<\/script>\n<!-- \/ Yoast SEO Premium plugin. -->","yoast_head_json":{"title":"Job: Team Assis\u00adtant \u2014 WMC IT Solu\u00adtions&nbsp;AG","robots":{"index":"index","follow":"follow","max-snippet":"max-snippet:-1","max-image-preview":"max-image-preview:large","max-video-preview":"max-video-preview:-1"},"canonical":"https:\/\/www.wmc.ch\/en\/web\/about-us\/job-offers\/nojob\/","og_locale":"en_GB","og_type":"article","og_title":"Job: Team-Assistentin","og_description":"Join the team WMC IT Solutions AG ist ein f\u00fchrender Anbieter f\u00fcr ICT-Dienstleistungen und realisiert seit 1981 IT-Gesamtl\u00f6sungen. WMC bietet Services in der ganzen Wertsch\u00f6pfungskette der IT an, von der Analyse, \u00fcber Konzeption, zur Installation und zum Betrieb von ICT-L\u00f6sungen und engagiert sich f\u00fcr Open Source Gesch\u00e4ftsmodelle. Ein Schwerpunkt bildet\u00a0BrokerStar, die moderne L\u00f6sung f\u00fcr Versicherungsbroker. [&hellip;]","og_url":"https:\/\/www.wmc.ch\/en\/web\/about-us\/job-offers\/nojob\/","og_site_name":"WMC IT Solutions AG","article_publisher":"https:\/\/www.facebook.com\/WMC-IT-Solutions-AG-1571782219749354\/","article_modified_time":"2021-11-24T10:18:15+00:00","og_image":[{"url":"https:\/\/www.wmc.ch\/wp-content\/uploads\/images\/allgemein\/csm_Fotolia_5780183_XS_5c44b84a71.jpg","type":"","width":"","height":""}],"twitter_card":"summary_large_image","twitter_misc":{"Estimated reading time":"2 minutes"},"schema":{"@context":"https:\/\/schema.org","@graph":[{"@type":"WebPage","@id":"https:\/\/www.wmc.ch\/web\/uber-uns\/jobangebote\/nojob\/","url":"https:\/\/www.wmc.ch\/web\/uber-uns\/jobangebote\/nojob\/","name":"Job: Team Assis\u00adtant \u2014 WMC IT Solu\u00adtions&nbsp;AG","isPartOf":{"@id":"https:\/\/www.wmc.ch\/#website"},"primaryImageOfPage":{"@id":"https:\/\/www.wmc.ch\/web\/uber-uns\/jobangebote\/nojob\/#primaryimage"},"image":{"@id":"https:\/\/www.wmc.ch\/web\/uber-uns\/jobangebote\/nojob\/#primaryimage"},"thumbnailUrl":"https:\/\/www.wmc.ch\/wp-content\/uploads\/images\/allgemein\/csm_Fotolia_5780183_XS_5c44b84a71.jpg","datePublished":"2021-01-12T08:31:37+00:00","dateModified":"2021-11-24T10:18:15+00:00","breadcrumb":{"@id":"https:\/\/www.wmc.ch\/web\/uber-uns\/jobangebote\/nojob\/#breadcrumb"},"inLanguage":"en-GB","potentialAction":[{"@type":"ReadAction","target":["https:\/\/www.wmc.ch\/web\/uber-uns\/jobangebote\/nojob\/"]}]},{"@type":"ImageObject","inLanguage":"en-GB","@id":"https:\/\/www.wmc.ch\/web\/uber-uns\/jobangebote\/nojob\/#primaryimage","url":"https:\/\/www.wmc.ch\/wp-content\/uploads\/images\/allgemein\/csm_Fotolia_5780183_XS_5c44b84a71.jpg","contentUrl":"https:\/\/www.wmc.ch\/wp-content\/uploads\/images\/allgemein\/csm_Fotolia_5780183_XS_5c44b84a71.jpg"},{"@type":"BreadcrumbList","@id":"https:\/\/www.wmc.ch\/web\/uber-uns\/jobangebote\/nojob\/#breadcrumb","itemListElement":[{"@type":"ListItem","position":1,"name":"Home","item":"https:\/\/www.wmc.ch\/"},{"@type":"ListItem","position":2,"name":"1 WMC","item":"https:\/\/www.wmc.ch\/web\/"},{"@type":"ListItem","position":3,"name":"\u00dcber uns","item":"https:\/\/www.wmc.ch\/web\/uber-uns\/"},{"@type":"ListItem","position":4,"name":"Jobangebote","item":"https:\/\/www.wmc.ch\/web\/uber-uns\/jobangebote\/"},{"@type":"ListItem","position":5,"name":"Job: Team-Assistentin"}]},{"@type":"WebSite","@id":"https:\/\/www.wmc.ch\/#website","url":"https:\/\/www.wmc.ch\/","name":"WMC IT Solu\u00adtions&nbsp;AG","description":"Solu\u00adtions for your busi\u00adness by&nbsp;WMC","publisher":{"@id":"https:\/\/www.wmc.ch\/#organization"},"potentialAction":[{"@type":"SearchAction","target":{"@type":"EntryPoint","urlTemplate":"https:\/\/www.wmc.ch\/?s={search_term_string}"},"query-input":{"@type":"PropertyValueSpecification","valueRequired":true,"valueName":"search_term_string"}}],"inLanguage":"en-GB"},{"@type":"Organization","@id":"https:\/\/www.wmc.ch\/#organization","name":"WMC IT Solu\u00adtions&nbsp;AG","url":"https:\/\/www.wmc.ch\/","logo":{"@type":"ImageObject","inLanguage":"en-GB","@id":"https:\/\/www.wmc.ch\/#\/schema\/logo\/image\/","url":"https:\/\/www.wmc.ch\/wp-content\/uploads\/2020\/11\/cropped-wmcfavicon-1.png","contentUrl":"https:\/\/www.wmc.ch\/wp-content\/uploads\/2020\/11\/cropped-wmcfavicon-1.png","width":512,"height":512,"caption":"WMC IT Solutions AG"},"image":{"@id":"https:\/\/www.wmc.ch\/#\/schema\/logo\/image\/"},"sameAs":["https:\/\/www.facebook.com\/WMC-IT-Solutions-AG-1571782219749354\/","https:\/\/www.linkedin.com\/company\/wmc-it-solutions-ag","https:\/\/www.youtube.com\/user\/WMCITSolutionsAG"]}]}},"_links":{"self":[{"href":"https:\/\/www.wmc.ch\/en\/wp-json\/wp\/v2\/pages\/1285"}],"collection":[{"href":"https:\/\/www.wmc.ch\/en\/wp-json\/wp\/v2\/pages"}],"about":[{"href":"https:\/\/www.wmc.ch\/en\/wp-json\/wp\/v2\/types\/page"}],"author":[{"embeddable":true,"href":"https:\/\/www.wmc.ch\/en\/wp-json\/wp\/v2\/users\/6"}],"replies":[{"embeddable":true,"href":"https:\/\/www.wmc.ch\/en\/wp-json\/wp\/v2\/comments?post=1285"}],"version-history":[{"count":94,"href":"https:\/\/www.wmc.ch\/en\/wp-json\/wp\/v2\/pages\/1285\/revisions"}],"predecessor-version":[{"id":5597,"href":"https:\/\/www.wmc.ch\/en\/wp-json\/wp\/v2\/pages\/1285\/revisions\/5597"}],"up":[{"embeddable":true,"href":"https:\/\/www.wmc.ch\/en\/wp-json\/wp\/v2\/pages\/1809"}],"wp:attachment":[{"href":"https:\/\/www.wmc.ch\/en\/wp-json\/wp\/v2\/media?parent=1285"}],"wp:term":[{"taxonomy":"category","embeddable":true,"href":"https:\/\/www.wmc.ch\/en\/wp-json\/wp\/v2\/categories?post=1285"},{"taxonomy":"post_tag","embeddable":true,"href":"https:\/\/www.wmc.ch\/en\/wp-json\/wp\/v2\/tags?post=1285"}],"curies":[{"name":"wp","href":"https:\/\/api.w.org\/{rel}","templated":true}]}}